{"id":97,"date":"2013-08-01T12:07:26","date_gmt":"2013-08-01T12:07:26","guid":{"rendered":"http:\/\/www.grundschule-welheim.de\/?page_id=97"},"modified":"2026-02-27T14:41:27","modified_gmt":"2026-02-27T14:41:27","slug":"gute-seelen","status":"publish","type":"page","link":"https:\/\/www.grundschule-welheim.de\/?page_id=97","title":{"rendered":"Gute Seelen"},"content":{"rendered":"\n<figure class=\"wp-block-table\"><table><tbody><tr><td><\/td><td><strong>Melda Duran<\/strong><br>Sekret\u00e4rin<\/td><\/tr><tr><td><img loading=\"lazy\" decoding=\"async\" width=\"150\" height=\"200\" class=\"wp-image-465\" style=\"width: 150px;\" src=\"https:\/\/www.grundschule-welheim.de\/wp-content\/uploads\/2013\/08\/IMG-20170331-WA0003.jpg\" alt=\"\" srcset=\"https:\/\/www.grundschule-welheim.de\/wp-content\/uploads\/2013\/08\/IMG-20170331-WA0003.jpg 1200w, https:\/\/www.grundschule-welheim.de\/wp-content\/uploads\/2013\/08\/IMG-20170331-WA0003-225x300.jpg 225w, https:\/\/www.grundschule-welheim.de\/wp-content\/uploads\/2013\/08\/IMG-20170331-WA0003-768x1024.jpg 768w\" sizes=\"auto, (max-width: 150px) 100vw, 150px\" \/><\/td><td><strong>Melissa Giotis<br><\/strong><br>Schulsozialarbeiterin<\/td><\/tr><tr><td><img loading=\"lazy\" decoding=\"async\" width=\"150\" height=\"233\" class=\"wp-image-885\" style=\"width: 150px;\" src=\"https:\/\/www.grundschule-welheim.de\/wp-content\/uploads\/2013\/08\/IMG-20170424-WA0003.jpg\" alt=\"\" srcset=\"https:\/\/www.grundschule-welheim.de\/wp-content\/uploads\/2013\/08\/IMG-20170424-WA0003.jpg 386w, https:\/\/www.grundschule-welheim.de\/wp-content\/uploads\/2013\/08\/IMG-20170424-WA0003-193x300.jpg 193w\" sizes=\"auto, (max-width: 150px) 100vw, 150px\" \/><strong><a href=\"https:\/\/www.grundschule-welheim.de\/?attachment_id=885\"><\/a><\/strong><a href=\"https:\/\/www.grundschule-welheim.de\/?attachment_id=885\"><\/a><a href=\"https:\/\/www.grundschule-welheim.de\/?attachment_id=885\"><\/a><a href=\"https:\/\/www.grundschule-welheim.de\/?attachment_id=885\"><\/a><a href=\"https:\/\/www.grundschule-welheim.de\/?attachment_id=885\"><\/a><a href=\"https:\/\/www.grundschule-welheim.de\/?attachment_id=885\"><\/a><a href=\"https:\/\/www.grundschule-welheim.de\/?attachment_id=885\"><\/a><a href=\"https:\/\/www.grundschule-welheim.de\/?attachment_id=885\"><\/a><a href=\"https:\/\/www.grundschule-welheim.de\/?attachment_id=885\"><\/a><a href=\"https:\/\/www.grundschule-welheim.de\/?attachment_id=885\"><\/a><a href=\"https:\/\/www.grundschule-welheim.de\/?attachment_id=885\"><\/a><a href=\"https:\/\/www.grundschule-welheim.de\/?attachment_id=885\"><\/a><strong><a href=\"https:\/\/www.grundschule-welheim.de\/?attachment_id=885\"><\/a><\/strong><a href=\"https:\/\/www.grundschule-welheim.de\/?attachment_id=885\"><\/a><\/td><td><strong>Tanja Polack<\/strong><br>Schulsozialp\u00e4dagogin f\u00fcr die Schuleingangsphase<\/td><\/tr><tr><td><img decoding=\"async\" src=\"https:\/\/www.grundschule-welheim.de\/wp-content\/uploads\/2024\/06\/IMG-20240623-WA0007-1024x768.jpg\" alt=\"\" style=\"width: 150px;\"><\/td><td><strong>Jasmin Rei\u00df<\/strong><br>Fachkraft im multiprofessionellen Team<\/td><\/tr><tr><td><img loading=\"lazy\" decoding=\"async\" width=\"150\" height=\"200\" class=\"wp-image-3464\" style=\"width: 150px;\" src=\"https:\/\/www.grundschule-welheim.de\/wp-content\/uploads\/2025\/05\/IMG-20250516-WA0005.jpg\" alt=\"\" srcset=\"https:\/\/www.grundschule-welheim.de\/wp-content\/uploads\/2025\/05\/IMG-20250516-WA0005.jpg 1200w, https:\/\/www.grundschule-welheim.de\/wp-content\/uploads\/2025\/05\/IMG-20250516-WA0005-225x300.jpg 225w, https:\/\/www.grundschule-welheim.de\/wp-content\/uploads\/2025\/05\/IMG-20250516-WA0005-768x1024.jpg 768w, https:\/\/www.grundschule-welheim.de\/wp-content\/uploads\/2025\/05\/IMG-20250516-WA0005-1152x1536.jpg 1152w\" sizes=\"auto, (max-width: 150px) 100vw, 150px\" \/><\/td><td><strong>Dennis Balzar<br><\/strong><br>Hausmeister<\/td><\/tr><\/tbody><\/table><\/figure>\n\n\n\n<div class=\"wp-block-columns is-layout-flex wp-container-core-columns-is-layout-9d6595d7 wp-block-columns-is-layout-flex\">\n<div class=\"wp-block-column is-layout-flow wp-block-column-is-layout-flow\" style=\"flex-basis:100%\"><\/div>\n<\/div>\n\n\n\n<p><\/p>\n","protected":false},"excerpt":{"rendered":"<p>Melda DuranSekret\u00e4rin Melissa GiotisSchulsozialarbeiterin Tanja PolackSchulsozialp\u00e4dagogin f\u00fcr die Schuleingangsphase Jasmin Rei\u00dfFachkraft im multiprofessionellen Team Dennis BalzarHausmeister<\/p>\n","protected":false},"author":1,"featured_media":0,"parent":0,"menu_order":0,"comment_status":"closed","ping_status":"closed","template":"","meta":{"footnotes":""},"class_list":["post-97","page","type-page","status-publish","hentry"],"_links":{"self":[{"href":"https:\/\/www.grundschule-welheim.de\/index.php?rest_route=\/wp\/v2\/pages\/97","targetHints":{"allow":["GET"]}}],"collection":[{"href":"https:\/\/www.grundschule-welheim.de\/index.php?rest_route=\/wp\/v2\/pages"}],"about":[{"href":"https:\/\/www.grundschule-welheim.de\/index.php?rest_route=\/wp\/v2\/types\/page"}],"author":[{"embeddable":true,"href":"https:\/\/www.grundschule-welheim.de\/index.php?rest_route=\/wp\/v2\/users\/1"}],"replies":[{"embeddable":true,"href":"https:\/\/www.grundschule-welheim.de\/index.php?rest_route=%2Fwp%2Fv2%2Fcomments&post=97"}],"version-history":[{"count":47,"href":"https:\/\/www.grundschule-welheim.de\/index.php?rest_route=\/wp\/v2\/pages\/97\/revisions"}],"predecessor-version":[{"id":3832,"href":"https:\/\/www.grundschule-welheim.de\/index.php?rest_route=\/wp\/v2\/pages\/97\/revisions\/3832"}],"wp:attachment":[{"href":"https:\/\/www.grundschule-welheim.de\/index.php?rest_route=%2Fwp%2Fv2%2Fmedia&parent=97"}],"curies":[{"name":"wp","href":"https:\/\/api.w.org\/{rel}","templated":true}]}}