{"id":9,"date":"2013-08-01T10:15:58","date_gmt":"2013-08-01T10:15:58","guid":{"rendered":"http:\/\/www.grundschule-welheim.de\/?page_id=9"},"modified":"2015-08-30T10:39:14","modified_gmt":"2015-08-30T10:39:14","slug":"unsere-schule","status":"publish","type":"page","link":"https:\/\/www.grundschule-welheim.de\/?page_id=9","title":{"rendered":"Unsere Schule"},"content":{"rendered":"<h1>Informationen \u00fcber die Grundschule Welheim<\/h1>\n<div>\n<p>Auf dieser Seite erhalten Sie eine Vielzahl von Informationen \u00fcber die Schule: Ausz\u00fcge aus der Schulordnung, die R\u00e4umlichkeiten, zu den Anmeldeverfahren und unterrichtliche Methoden.<\/p>\n<p>&nbsp;<\/p>\n<p>Nach unserem Motto&#8230;<\/p>\n<p><b>ICH + DU = WIR<\/b><\/p>\n<p>&nbsp;<\/p>\n<p>&#8230; gestalten wird mit Hilfe weniger Regeln das Schulleben mit den Kindern so, dass sich jeder wohlf\u00fchlt und in friedlicher Atmosph\u00e4re lernen und leben kann.<\/p>\n<p>&nbsp;<\/p>\n<p><b>Gr\u00f6\u00dfe der Schule<\/b><\/p>\n<p>Zur Zeit befinden sich 228 Sch\u00fcler und Sch\u00fclerinnen in 11 Klassen an unserer Schule. Unsere Jahrg\u00e4nge sind zweiz\u00fcgig. Die Klassenr\u00e4ume teilen sich auf drei Etagen (zweist\u00f6ckiges Geb\u00e4ude) auf. Neben den normalen Klassenr\u00e4umen bietet die Grundschule Welheim eine Vielzahl weiterer\u00a0<b>Fachr\u00e4ume<\/b>:<\/p>\n<ul>\n<li>\u00a0Musikraum<\/li>\n<li>\u00a0Kunstraum<\/li>\n<li>\u00a0T\u00fcrkischraum<\/li>\n<li>\u00a0Werkraum und einem Brennofen<\/li>\n<li>\u00a0Computerraum<\/li>\n<li>\u00a0B\u00fccherei<\/li>\n<li>\u00a0F\u00f6rderr\u00e4ume<\/li>\n<li>\u00a0K\u00fcche und Speiser\u00e4ume<\/li>\n<li>\u00a0kleine Aula im Schulgeb\u00e4ude<\/li>\n<li>\u00a0gro\u00dfe Aula auf dem Schulhof<\/li>\n<li>\u00a0direkt angrenzendes Schwimmbad<\/li>\n<li>\u00a0eine kleine und eine gro\u00dfe Sporthalle<\/li>\n<li>\u00a0gro\u00dfer Sportplatz<\/li>\n<li>\u00a0Minifu\u00dfballplatz (Kunstrasen)<\/li>\n<\/ul>\n<p>&nbsp;<\/p>\n<p><b>Schulanmeldung und Einschulung<\/b><\/p>\n<p>Wenn Sie Ihr Kind an unserer Schule anmelden m\u00f6chten rufen Sie uns einfach an und vereinbaren Sie einen Termin. Zu einem sp\u00e4teren Zeitpunkt (ungef\u00e4hr Anfang bis Mitte November) wird Ihr Kind dann bei uns auf seine\u00a0Schulf\u00e4higkeit\u00a0(Motorik, Sprache, mathematisches Verst\u00e4ndnis) \u00fcberpr\u00fcft. Sobald eine Klasseneinteilung erfolgt ist findet noch vor den Sommerferien eine\u00a0Schnupperstunde\u00a0statt, in der Ihre Kinder ihre(n) neue(n) Klassenlehrer(in) kennenlernen werden.<\/p>\n<p>Die\u00a0Einschulung\u00a0erfolgt am zweiten Tag nach den Sommerferien und beginnt mit einem \u00f6kumenischen Einschulungsgottesdienst und einer Empfangsfeier in der gro\u00dfen Aula. Nach einem Theaterst\u00fcck, aufgef\u00fchrt von unserer Theater-AG, werden die Eltern zu einem Kaffee im Ganztag eingeladen und die Kinder haben ihre erste Unterrichtsstunde.<\/p>\n<p>&nbsp;<\/p>\n<p><b>Die Klassen<br \/>\n<\/b><\/p>\n<p>Die Klassen bleiben in der Regel die gesamten 4 Jahre im gleichen Klassenraum, um eine konstante Umgebung zu gew\u00e4hrleisten. Die Klassenr\u00e4ume sind mit Computern ausgestattet und erlauben den Einsatz neuer Medien (z.B. Videos und Internet) im Unterricht.<\/p>\n<p>&nbsp;<\/p>\n<p><b>Kooperationspartner der Schule<\/b><\/p>\n<p>Zu den Kooperationspartnern geh\u00f6ren die Kinderg\u00e4rten und die weiterf\u00fchrenden Schulen.<\/p>\n<p>Weitere Kooperationspartner sind Sportvereine, Sparkasse Bottrop, Bottroper Stadtb\u00fccherei, Polizei, Zahnarzt, evangelische und katholische Kirche und die \u00f6rtliche Moschee.<\/p>\n<p>&nbsp;<\/p>\n<p><b>Ganztag<\/b><\/p>\n<p>Die Grundschule Welheim ist eine offene Ganztagsschule. Der Ganztag stellt sich auf der Homepage selbst vor. Zus\u00e4tzlich zum Ganztags-Team werden auch unsere Klassenlehrerinnen je eine Stunde pro Woche im Ganztag eingesetzt.<\/p>\n<\/div>\n","protected":false},"excerpt":{"rendered":"<p>Informationen \u00fcber die Grundschule Welheim Auf dieser Seite erhalten Sie eine Vielzahl von Informationen \u00fcber die Schule: Ausz\u00fcge aus der Schulordnung, die R\u00e4umlichkeiten, zu den Anmeldeverfahren und unterrichtliche Methoden. &nbsp; Nach unserem Motto&#8230; ICH + DU = WIR &nbsp; &#8230; &hellip; <\/p>\n","protected":false},"author":1,"featured_media":0,"parent":0,"menu_order":0,"comment_status":"closed","ping_status":"closed","template":"","meta":{"footnotes":""},"class_list":["post-9","page","type-page","status-publish","hentry"],"_links":{"self":[{"href":"https:\/\/www.grundschule-welheim.de\/index.php?rest_route=\/wp\/v2\/pages\/9","targetHints":{"allow":["GET"]}}],"collection":[{"href":"https:\/\/www.grundschule-welheim.de\/index.php?rest_route=\/wp\/v2\/pages"}],"about":[{"href":"https:\/\/www.grundschule-welheim.de\/index.php?rest_route=\/wp\/v2\/types\/page"}],"author":[{"embeddable":true,"href":"https:\/\/www.grundschule-welheim.de\/index.php?rest_route=\/wp\/v2\/users\/1"}],"replies":[{"embeddable":true,"href":"https:\/\/www.grundschule-welheim.de\/index.php?rest_route=%2Fwp%2Fv2%2Fcomments&post=9"}],"version-history":[{"count":5,"href":"https:\/\/www.grundschule-welheim.de\/index.php?rest_route=\/wp\/v2\/pages\/9\/revisions"}],"predecessor-version":[{"id":257,"href":"https:\/\/www.grundschule-welheim.de\/index.php?rest_route=\/wp\/v2\/pages\/9\/revisions\/257"}],"wp:attachment":[{"href":"https:\/\/www.grundschule-welheim.de\/index.php?rest_route=%2Fwp%2Fv2%2Fmedia&parent=9"}],"curies":[{"name":"wp","href":"https:\/\/api.w.org\/{rel}","templated":true}]}}