{"id":62,"date":"2013-08-01T11:14:47","date_gmt":"2013-08-01T11:14:47","guid":{"rendered":"http:\/\/www.grundschule-welheim.de\/?page_id=62"},"modified":"2025-09-02T03:23:49","modified_gmt":"2025-09-02T03:23:49","slug":"die-klassen","status":"publish","type":"page","link":"https:\/\/www.grundschule-welheim.de\/?page_id=62","title":{"rendered":"Die Klassen"},"content":{"rendered":"<div>\n<p><span style=\"font-family: verdana,geneva,sans-serif; font-size: 14pt;\">In diesem Schuljahr gibt es 12 Klassen an der Grundschule Welheim\/Welheimer Mark. Alle vier Jahrg\u00e4nge sind dreiz\u00fcgig. Zus\u00e4tzlich beherbergen wir mit der Mausklasse eine Internationale F\u00f6rderklasse.<\/span><\/p>\n<\/div>\n\n\n<div class=\"wp-block-group\"><div class=\"wp-block-group__inner-container is-layout-flow wp-block-group-is-layout-flow\">\n<div class=\"wp-block-group\"><div class=\"wp-block-group__inner-container is-layout-flow wp-block-group-is-layout-flow\">\n<div class=\"wp-block-columns is-layout-flex wp-container-core-columns-is-layout-9d6595d7 wp-block-columns-is-layout-flex\">\n<div class=\"wp-block-column is-layout-flow wp-block-column-is-layout-flow\" style=\"flex-basis:100%\">\n<div class=\"wp-block-columns is-layout-flex wp-container-core-columns-is-layout-9d6595d7 wp-block-columns-is-layout-flex\">\n<div class=\"wp-block-column is-layout-flow wp-block-column-is-layout-flow\" style=\"flex-basis:100%\">\n<figure class=\"wp-block-table is-style-regular\"><table><tbody><tr><td class=\"has-text-align-center\" data-align=\"center\"><\/td><td class=\"has-text-align-center\" data-align=\"center\"><strong>Grundschule Welheim:<\/strong><\/td><td class=\"has-text-align-center\" data-align=\"center\"><\/td><\/tr><tr><td class=\"has-text-align-center\" data-align=\"center\"><a href=\"https:\/\/www.grundschule-welheim.de\/?page_id=471\"><strong>B\u00e4renklasse<\/strong><\/a><\/td><td class=\"has-text-align-center\" data-align=\"center\"><strong><a href=\"https:\/\/www.grundschule-welheim.de\/?page_id=476\">Eisb\u00e4renklasse<\/a><\/strong><\/td><td class=\"has-text-align-center\" data-align=\"center\"><strong><a href=\"https:\/\/www.grundschule-welheim.de\/?page_id=478\">Monsterklasse<\/a><\/strong><\/td><\/tr><tr><td class=\"has-text-align-center\" data-align=\"center\"><strong><a href=\"https:\/\/www.grundschule-welheim.de\/?page_id=480\">Waschb\u00e4renklasse<\/a><\/strong><\/td><td class=\"has-text-align-center\" data-align=\"center\"><strong><a href=\"https:\/\/www.grundschule-welheim.de\/?page_id=482\">Tigerklasse<\/a><\/strong><\/td><td class=\"has-text-align-center\" data-align=\"center\"><strong><a href=\"https:\/\/www.grundschule-welheim.de\/?page_id=484\">Giraffenklasse<\/a><\/strong><\/td><\/tr><tr><td class=\"has-text-align-center\" data-align=\"center\"><strong><a href=\"https:\/\/www.grundschule-welheim.de\/?page_id=486\">Drachenklasse<\/a><\/strong><\/td><td class=\"has-text-align-center\" data-align=\"center\"><strong><a href=\"https:\/\/www.grundschule-welheim.de\/?page_id=488\">Affenklasse<\/a><\/strong><\/td><td class=\"has-text-align-center\" data-align=\"center\"><strong><a href=\"https:\/\/www.grundschule-welheim.de\/?page_id=3458\">Mausklasse<\/a><\/strong><\/td><\/tr><tr><td class=\"has-text-align-center\" data-align=\"center\"><\/td><td class=\"has-text-align-center\" data-align=\"center\"><strong>Grundschule Welheimer Mark:<\/strong><\/td><td class=\"has-text-align-center\" data-align=\"center\"><\/td><\/tr><tr><td class=\"has-text-align-center\" data-align=\"center\"><strong><a href=\"https:\/\/www.grundschule-welheim.de\/?page_id=490\">Elefanten<\/a><\/strong><\/td><td class=\"has-text-align-center\" data-align=\"center\"><strong><a href=\"https:\/\/www.grundschule-welheim.de\/?page_id=492\">Zebras<\/a><\/strong><\/td><td class=\"has-text-align-center\" data-align=\"center\"><strong><a href=\"https:\/\/www.grundschule-welheim.de\/?page_id=494\">Hunde<\/a><\/strong><\/td><\/tr><tr><td class=\"has-text-align-center\" data-align=\"center\"><\/td><td class=\"has-text-align-center\" data-align=\"center\"><a href=\"https:\/\/www.grundschule-welheim.de\/?page_id=2668\"><strong>Katzen<\/strong><\/a><\/td><td class=\"has-text-align-center\" data-align=\"center\"><\/td><\/tr><\/tbody><\/table><\/figure>\n\n\n\n<p><\/p>\n<\/div>\n<\/div>\n<\/div>\n<\/div>\n<\/div><\/div>\n<\/div><\/div>\n\n\n\n<p><\/p>\n","protected":false},"excerpt":{"rendered":"<p>In diesem Schuljahr gibt es 12 Klassen an der Grundschule Welheim\/Welheimer Mark. Alle vier Jahrg\u00e4nge sind dreiz\u00fcgig. Zus\u00e4tzlich beherbergen wir mit der Mausklasse eine Internationale F\u00f6rderklasse. Grundschule Welheim: B\u00e4renklasse Eisb\u00e4renklasse Monsterklasse Waschb\u00e4renklasse Tigerklasse Giraffenklasse Drachenklasse Affenklasse Mausklasse Grundschule Welheimer Mark: &hellip; <\/p>\n","protected":false},"author":1,"featured_media":0,"parent":0,"menu_order":0,"comment_status":"closed","ping_status":"closed","template":"","meta":{"footnotes":""},"class_list":["post-62","page","type-page","status-publish","hentry"],"_links":{"self":[{"href":"https:\/\/www.grundschule-welheim.de\/index.php?rest_route=\/wp\/v2\/pages\/62","targetHints":{"allow":["GET"]}}],"collection":[{"href":"https:\/\/www.grundschule-welheim.de\/index.php?rest_route=\/wp\/v2\/pages"}],"about":[{"href":"https:\/\/www.grundschule-welheim.de\/index.php?rest_route=\/wp\/v2\/types\/page"}],"author":[{"embeddable":true,"href":"https:\/\/www.grundschule-welheim.de\/index.php?rest_route=\/wp\/v2\/users\/1"}],"replies":[{"embeddable":true,"href":"https:\/\/www.grundschule-welheim.de\/index.php?rest_route=%2Fwp%2Fv2%2Fcomments&post=62"}],"version-history":[{"count":55,"href":"https:\/\/www.grundschule-welheim.de\/index.php?rest_route=\/wp\/v2\/pages\/62\/revisions"}],"predecessor-version":[{"id":3646,"href":"https:\/\/www.grundschule-welheim.de\/index.php?rest_route=\/wp\/v2\/pages\/62\/revisions\/3646"}],"wp:attachment":[{"href":"https:\/\/www.grundschule-welheim.de\/index.php?rest_route=%2Fwp%2Fv2%2Fmedia&parent=62"}],"curies":[{"name":"wp","href":"https:\/\/api.w.org\/{rel}","templated":true}]}}