{"id":3834,"date":"2026-02-27T14:58:51","date_gmt":"2026-02-27T14:58:51","guid":{"rendered":"https:\/\/www.grundschule-welheim.de\/?page_id=3834"},"modified":"2026-03-02T13:03:58","modified_gmt":"2026-03-02T13:03:58","slug":"lesekompetenz","status":"publish","type":"page","link":"https:\/\/www.grundschule-welheim.de\/?page_id=3834","title":{"rendered":"Lesekompetenz"},"content":{"rendered":"\n<p>Lesen ist eine der wichtigsten Grundlagen f\u00fcr erfolgreiches Lernen. Deswegen hat die F\u00f6rderung der Lesekompetenz einen besonderen Stellenwert an unserer Schule.<\/p>\n\n\n\n<hr class=\"wp-block-separator has-alpha-channel-opacity\"\/>\n\n\n\n<p><strong>T\u00e4gliche Lesezeit<\/strong><\/p>\n\n\n\n<p>Jeden Tag gibt es eine feste Lesezeit, in der die Kinder zum Beispiel an verschiedenen Stationen arbeiten k\u00f6nnen. Hierzu geh\u00f6ren unter anderem: W\u00fcrfellesen, Tandemlesen, Wimmelbildlesen, die Arbeit mit der digitalen Plattform LeOn oder das Lesen von (mehrsprachigen) B\u00fcchern auf der Internetseite Mulingula.<\/p>\n\n\n\n<figure class=\"wp-block-gallery has-nested-images columns-default is-cropped wp-block-gallery-1 is-layout-flex wp-block-gallery-is-layout-flex\">\n<figure class=\"wp-block-image size-large\"><a href=\"https:\/\/www.grundschule-welheim.de\/wp-content\/uploads\/2026\/02\/IMG-20260227-WA0005.jpg\"><img loading=\"lazy\" decoding=\"async\" width=\"768\" height=\"1024\" data-id=\"3843\" src=\"https:\/\/www.grundschule-welheim.de\/wp-content\/uploads\/2026\/02\/IMG-20260227-WA0005-768x1024.jpg\" alt=\"\" class=\"wp-image-3843\" srcset=\"https:\/\/www.grundschule-welheim.de\/wp-content\/uploads\/2026\/02\/IMG-20260227-WA0005-768x1024.jpg 768w, https:\/\/www.grundschule-welheim.de\/wp-content\/uploads\/2026\/02\/IMG-20260227-WA0005-225x300.jpg 225w, https:\/\/www.grundschule-welheim.de\/wp-content\/uploads\/2026\/02\/IMG-20260227-WA0005-1152x1536.jpg 1152w, https:\/\/www.grundschule-welheim.de\/wp-content\/uploads\/2026\/02\/IMG-20260227-WA0005.jpg 1200w\" sizes=\"auto, (max-width: 768px) 100vw, 768px\" \/><\/a><\/figure>\n\n\n\n<figure class=\"wp-block-image size-large\"><a href=\"https:\/\/www.grundschule-welheim.de\/wp-content\/uploads\/2026\/02\/IMG-20260227-WA0008-1.jpg\"><img loading=\"lazy\" decoding=\"async\" width=\"768\" height=\"1024\" data-id=\"3844\" src=\"https:\/\/www.grundschule-welheim.de\/wp-content\/uploads\/2026\/02\/IMG-20260227-WA0008-1-768x1024.jpg\" alt=\"\" class=\"wp-image-3844\" srcset=\"https:\/\/www.grundschule-welheim.de\/wp-content\/uploads\/2026\/02\/IMG-20260227-WA0008-1-768x1024.jpg 768w, https:\/\/www.grundschule-welheim.de\/wp-content\/uploads\/2026\/02\/IMG-20260227-WA0008-1-225x300.jpg 225w, https:\/\/www.grundschule-welheim.de\/wp-content\/uploads\/2026\/02\/IMG-20260227-WA0008-1-1152x1536.jpg 1152w, https:\/\/www.grundschule-welheim.de\/wp-content\/uploads\/2026\/02\/IMG-20260227-WA0008-1.jpg 1200w\" sizes=\"auto, (max-width: 768px) 100vw, 768px\" \/><\/a><\/figure>\n\n\n\n<figure class=\"wp-block-image size-large\"><a href=\"https:\/\/www.grundschule-welheim.de\/wp-content\/uploads\/2026\/02\/IMG-20260227-WA0012-2.jpg\"><img loading=\"lazy\" decoding=\"async\" width=\"1024\" height=\"768\" data-id=\"3845\" src=\"https:\/\/www.grundschule-welheim.de\/wp-content\/uploads\/2026\/02\/IMG-20260227-WA0012-2-1024x768.jpg\" alt=\"\" class=\"wp-image-3845\" srcset=\"https:\/\/www.grundschule-welheim.de\/wp-content\/uploads\/2026\/02\/IMG-20260227-WA0012-2-1024x768.jpg 1024w, https:\/\/www.grundschule-welheim.de\/wp-content\/uploads\/2026\/02\/IMG-20260227-WA0012-2-300x225.jpg 300w, https:\/\/www.grundschule-welheim.de\/wp-content\/uploads\/2026\/02\/IMG-20260227-WA0012-2-768x576.jpg 768w, https:\/\/www.grundschule-welheim.de\/wp-content\/uploads\/2026\/02\/IMG-20260227-WA0012-2-1536x1152.jpg 1536w, https:\/\/www.grundschule-welheim.de\/wp-content\/uploads\/2026\/02\/IMG-20260227-WA0012-2.jpg 1600w\" sizes=\"auto, (max-width: 1024px) 100vw, 1024px\" \/><\/a><\/figure>\n<\/figure>\n\n\n\n<hr class=\"wp-block-separator has-alpha-channel-opacity\"\/>\n\n\n\n<p><strong>Vorlesen in der Adventszeit<\/strong><\/p>\n\n\n\n<p>In der gem\u00fctlichen Adventszeit wird in allen Klassen regelm\u00e4\u00dfig vorgelesen. Jeden Freitag im Advent k\u00f6nnen die Kinder sich dann au\u00dferdem aussuchen, welcher Vorlesegeschichte sie lauschen wollen.<\/p>\n\n\n\n<figure class=\"wp-block-image size-full is-resized\"><a href=\"https:\/\/www.grundschule-welheim.de\/wp-content\/uploads\/2026\/03\/image.png\"><img loading=\"lazy\" decoding=\"async\" width=\"945\" height=\"709\" src=\"https:\/\/www.grundschule-welheim.de\/wp-content\/uploads\/2026\/03\/image.png\" alt=\"\" class=\"wp-image-3854\" style=\"aspect-ratio:1.3329035777155183;width:317px;height:auto\" srcset=\"https:\/\/www.grundschule-welheim.de\/wp-content\/uploads\/2026\/03\/image.png 945w, https:\/\/www.grundschule-welheim.de\/wp-content\/uploads\/2026\/03\/image-300x225.png 300w, https:\/\/www.grundschule-welheim.de\/wp-content\/uploads\/2026\/03\/image-768x576.png 768w\" sizes=\"auto, (max-width: 945px) 100vw, 945px\" \/><\/a><\/figure>\n\n\n\n<hr class=\"wp-block-separator has-alpha-channel-opacity\"\/>\n\n\n\n<p><strong>Lesenacht<\/strong><\/p>\n\n\n\n<p>Ein Mal im Jahr findet unsere Lesenacht statt. An diesem besonderen Abend lesen die Kinder in gem\u00fctlicher Atmosph\u00e4re aus ihren Lieblingsb\u00fcchern vor.<\/p>\n\n\n\n<figure class=\"wp-block-image size-large is-resized\"><a href=\"https:\/\/www.grundschule-welheim.de\/wp-content\/uploads\/2025\/04\/20250403_162403-scaled.jpg\"><img loading=\"lazy\" decoding=\"async\" width=\"1024\" height=\"768\" src=\"https:\/\/www.grundschule-welheim.de\/wp-content\/uploads\/2025\/04\/20250403_162403-1024x768.jpg\" alt=\"\" class=\"wp-image-3403\" style=\"width:409px;height:auto\" srcset=\"https:\/\/www.grundschule-welheim.de\/wp-content\/uploads\/2025\/04\/20250403_162403-1024x768.jpg 1024w, https:\/\/www.grundschule-welheim.de\/wp-content\/uploads\/2025\/04\/20250403_162403-300x225.jpg 300w, https:\/\/www.grundschule-welheim.de\/wp-content\/uploads\/2025\/04\/20250403_162403-768x576.jpg 768w, https:\/\/www.grundschule-welheim.de\/wp-content\/uploads\/2025\/04\/20250403_162403-1536x1152.jpg 1536w, https:\/\/www.grundschule-welheim.de\/wp-content\/uploads\/2025\/04\/20250403_162403-2048x1536.jpg 2048w\" sizes=\"auto, (max-width: 1024px) 100vw, 1024px\" \/><\/a><\/figure>\n\n\n\n<hr class=\"wp-block-separator has-alpha-channel-opacity\"\/>\n\n\n\n<p><strong>Lesepaten<\/strong><\/p>\n\n\n\n<p>In den dritten und vierten Klassen besuchen uns ein Mal in der Woche Lesepaten.<\/p>\n","protected":false},"excerpt":{"rendered":"<p>Lesen ist eine der wichtigsten Grundlagen f\u00fcr erfolgreiches Lernen. Deswegen hat die F\u00f6rderung der Lesekompetenz einen besonderen Stellenwert an unserer Schule. T\u00e4gliche Lesezeit Jeden Tag gibt es eine feste Lesezeit, in der die Kinder zum Beispiel an verschiedenen Stationen arbeiten &hellip; <\/p>\n","protected":false},"author":1,"featured_media":0,"parent":0,"menu_order":0,"comment_status":"closed","ping_status":"closed","template":"","meta":{"footnotes":""},"class_list":["post-3834","page","type-page","status-publish","hentry"],"_links":{"self":[{"href":"https:\/\/www.grundschule-welheim.de\/index.php?rest_route=\/wp\/v2\/pages\/3834","targetHints":{"allow":["GET"]}}],"collection":[{"href":"https:\/\/www.grundschule-welheim.de\/index.php?rest_route=\/wp\/v2\/pages"}],"about":[{"href":"https:\/\/www.grundschule-welheim.de\/index.php?rest_route=\/wp\/v2\/types\/page"}],"author":[{"embeddable":true,"href":"https:\/\/www.grundschule-welheim.de\/index.php?rest_route=\/wp\/v2\/users\/1"}],"replies":[{"embeddable":true,"href":"https:\/\/www.grundschule-welheim.de\/index.php?rest_route=%2Fwp%2Fv2%2Fcomments&post=3834"}],"version-history":[{"count":5,"href":"https:\/\/www.grundschule-welheim.de\/index.php?rest_route=\/wp\/v2\/pages\/3834\/revisions"}],"predecessor-version":[{"id":3856,"href":"https:\/\/www.grundschule-welheim.de\/index.php?rest_route=\/wp\/v2\/pages\/3834\/revisions\/3856"}],"wp:attachment":[{"href":"https:\/\/www.grundschule-welheim.de\/index.php?rest_route=%2Fwp%2Fv2%2Fmedia&parent=3834"}],"curies":[{"name":"wp","href":"https:\/\/api.w.org\/{rel}","templated":true}]}}