{"id":3722,"date":"2025-11-19T05:39:08","date_gmt":"2025-11-19T05:39:08","guid":{"rendered":"https:\/\/www.grundschule-welheim.de\/?page_id=3722"},"modified":"2025-12-19T12:42:21","modified_gmt":"2025-12-19T12:42:21","slug":"weihnachtsfeier-dezember-2025","status":"publish","type":"page","link":"https:\/\/www.grundschule-welheim.de\/?page_id=3722","title":{"rendered":"Weihnachtsfeier, Dezember 2025"},"content":{"rendered":"\n<p>Am letzten Schultag vor den Weihnachtsferien fand in der gro\u00dfen Aula unsere gemeinsame Weihnachtsfeier statt. Alle Kinder und das Personal des Teil- und des Hauptstandorts kamen zusammen und feierten. Die einzelnen Klassen stellten ein weihnachtliches Programm auf die Beine und so gab es zum Beispiel weihnachtliche T\u00e4nze oder auch Bodypercussion zu sehen. Die Theater-AG f\u00fchrte ein neues St\u00fcck auf und unser Chor trat auf. Es war eine richtig sch\u00f6ne Feier mit einem tollen Programm, mit dem wir uns nun in die Ferien verabschieden!<\/p>\n\n\n\n<figure class=\"wp-block-gallery has-nested-images columns-default is-cropped wp-block-gallery-1 is-layout-flex wp-block-gallery-is-layout-flex\">\n<figure class=\"wp-block-image size-large\"><a href=\"https:\/\/www.grundschule-welheim.de\/wp-content\/uploads\/2025\/12\/20251219_101149-scaled.jpg\"><img loading=\"lazy\" decoding=\"async\" width=\"1024\" height=\"768\" data-id=\"3769\" src=\"https:\/\/www.grundschule-welheim.de\/wp-content\/uploads\/2025\/12\/20251219_101149-1024x768.jpg\" alt=\"\" class=\"wp-image-3769\" srcset=\"https:\/\/www.grundschule-welheim.de\/wp-content\/uploads\/2025\/12\/20251219_101149-1024x768.jpg 1024w, https:\/\/www.grundschule-welheim.de\/wp-content\/uploads\/2025\/12\/20251219_101149-300x225.jpg 300w, https:\/\/www.grundschule-welheim.de\/wp-content\/uploads\/2025\/12\/20251219_101149-768x576.jpg 768w, https:\/\/www.grundschule-welheim.de\/wp-content\/uploads\/2025\/12\/20251219_101149-1536x1152.jpg 1536w, https:\/\/www.grundschule-welheim.de\/wp-content\/uploads\/2025\/12\/20251219_101149-2048x1536.jpg 2048w\" sizes=\"auto, (max-width: 1024px) 100vw, 1024px\" \/><\/a><\/figure>\n\n\n\n<figure class=\"wp-block-image size-large\"><a href=\"https:\/\/www.grundschule-welheim.de\/wp-content\/uploads\/2025\/12\/20251219_102614-scaled.jpg\"><img loading=\"lazy\" decoding=\"async\" width=\"768\" height=\"1024\" data-id=\"3774\" src=\"https:\/\/www.grundschule-welheim.de\/wp-content\/uploads\/2025\/12\/20251219_102614-768x1024.jpg\" alt=\"\" class=\"wp-image-3774\" srcset=\"https:\/\/www.grundschule-welheim.de\/wp-content\/uploads\/2025\/12\/20251219_102614-768x1024.jpg 768w, https:\/\/www.grundschule-welheim.de\/wp-content\/uploads\/2025\/12\/20251219_102614-225x300.jpg 225w, https:\/\/www.grundschule-welheim.de\/wp-content\/uploads\/2025\/12\/20251219_102614-1152x1536.jpg 1152w, https:\/\/www.grundschule-welheim.de\/wp-content\/uploads\/2025\/12\/20251219_102614-1536x2048.jpg 1536w, https:\/\/www.grundschule-welheim.de\/wp-content\/uploads\/2025\/12\/20251219_102614-scaled.jpg 1920w\" sizes=\"auto, (max-width: 768px) 100vw, 768px\" \/><\/a><\/figure>\n\n\n\n<figure class=\"wp-block-image size-large\"><a href=\"https:\/\/www.grundschule-welheim.de\/wp-content\/uploads\/2025\/12\/20251219_102642-scaled.jpg\"><img loading=\"lazy\" decoding=\"async\" width=\"1024\" height=\"768\" data-id=\"3770\" src=\"https:\/\/www.grundschule-welheim.de\/wp-content\/uploads\/2025\/12\/20251219_102642-1024x768.jpg\" alt=\"\" class=\"wp-image-3770\" srcset=\"https:\/\/www.grundschule-welheim.de\/wp-content\/uploads\/2025\/12\/20251219_102642-1024x768.jpg 1024w, https:\/\/www.grundschule-welheim.de\/wp-content\/uploads\/2025\/12\/20251219_102642-300x225.jpg 300w, https:\/\/www.grundschule-welheim.de\/wp-content\/uploads\/2025\/12\/20251219_102642-768x576.jpg 768w, https:\/\/www.grundschule-welheim.de\/wp-content\/uploads\/2025\/12\/20251219_102642-1536x1152.jpg 1536w, https:\/\/www.grundschule-welheim.de\/wp-content\/uploads\/2025\/12\/20251219_102642-2048x1536.jpg 2048w\" sizes=\"auto, (max-width: 1024px) 100vw, 1024px\" \/><\/a><\/figure>\n\n\n\n<figure class=\"wp-block-image size-large\"><a href=\"https:\/\/www.grundschule-welheim.de\/wp-content\/uploads\/2025\/12\/20251219_102932-scaled.jpg\"><img loading=\"lazy\" decoding=\"async\" width=\"1024\" height=\"768\" data-id=\"3771\" src=\"https:\/\/www.grundschule-welheim.de\/wp-content\/uploads\/2025\/12\/20251219_102932-1024x768.jpg\" alt=\"\" class=\"wp-image-3771\" srcset=\"https:\/\/www.grundschule-welheim.de\/wp-content\/uploads\/2025\/12\/20251219_102932-1024x768.jpg 1024w, https:\/\/www.grundschule-welheim.de\/wp-content\/uploads\/2025\/12\/20251219_102932-300x225.jpg 300w, https:\/\/www.grundschule-welheim.de\/wp-content\/uploads\/2025\/12\/20251219_102932-768x576.jpg 768w, https:\/\/www.grundschule-welheim.de\/wp-content\/uploads\/2025\/12\/20251219_102932-1536x1152.jpg 1536w, https:\/\/www.grundschule-welheim.de\/wp-content\/uploads\/2025\/12\/20251219_102932-2048x1536.jpg 2048w\" sizes=\"auto, (max-width: 1024px) 100vw, 1024px\" \/><\/a><\/figure>\n\n\n\n<figure class=\"wp-block-image size-large\"><a href=\"https:\/\/www.grundschule-welheim.de\/wp-content\/uploads\/2025\/12\/20251219_104003-scaled.jpg\"><img loading=\"lazy\" decoding=\"async\" width=\"1024\" height=\"768\" data-id=\"3773\" src=\"https:\/\/www.grundschule-welheim.de\/wp-content\/uploads\/2025\/12\/20251219_104003-1024x768.jpg\" alt=\"\" class=\"wp-image-3773\" srcset=\"https:\/\/www.grundschule-welheim.de\/wp-content\/uploads\/2025\/12\/20251219_104003-1024x768.jpg 1024w, https:\/\/www.grundschule-welheim.de\/wp-content\/uploads\/2025\/12\/20251219_104003-300x225.jpg 300w, https:\/\/www.grundschule-welheim.de\/wp-content\/uploads\/2025\/12\/20251219_104003-768x576.jpg 768w, https:\/\/www.grundschule-welheim.de\/wp-content\/uploads\/2025\/12\/20251219_104003-1536x1152.jpg 1536w, https:\/\/www.grundschule-welheim.de\/wp-content\/uploads\/2025\/12\/20251219_104003-2048x1536.jpg 2048w\" sizes=\"auto, (max-width: 1024px) 100vw, 1024px\" \/><\/a><\/figure>\n\n\n\n<figure class=\"wp-block-image size-large\"><a href=\"https:\/\/www.grundschule-welheim.de\/wp-content\/uploads\/2025\/12\/20251219_104633-scaled.jpg\"><img loading=\"lazy\" decoding=\"async\" width=\"768\" height=\"1024\" data-id=\"3772\" src=\"https:\/\/www.grundschule-welheim.de\/wp-content\/uploads\/2025\/12\/20251219_104633-768x1024.jpg\" alt=\"\" class=\"wp-image-3772\" srcset=\"https:\/\/www.grundschule-welheim.de\/wp-content\/uploads\/2025\/12\/20251219_104633-768x1024.jpg 768w, https:\/\/www.grundschule-welheim.de\/wp-content\/uploads\/2025\/12\/20251219_104633-225x300.jpg 225w, https:\/\/www.grundschule-welheim.de\/wp-content\/uploads\/2025\/12\/20251219_104633-1152x1536.jpg 1152w, https:\/\/www.grundschule-welheim.de\/wp-content\/uploads\/2025\/12\/20251219_104633-1536x2048.jpg 1536w, https:\/\/www.grundschule-welheim.de\/wp-content\/uploads\/2025\/12\/20251219_104633-scaled.jpg 1920w\" sizes=\"auto, (max-width: 768px) 100vw, 768px\" \/><\/a><\/figure>\n<\/figure>\n","protected":false},"excerpt":{"rendered":"<p>Am letzten Schultag vor den Weihnachtsferien fand in der gro\u00dfen Aula unsere gemeinsame Weihnachtsfeier statt. Alle Kinder und das Personal des Teil- und des Hauptstandorts kamen zusammen und feierten. Die einzelnen Klassen stellten ein weihnachtliches Programm auf die Beine und &hellip; <\/p>\n","protected":false},"author":1,"featured_media":0,"parent":0,"menu_order":0,"comment_status":"closed","ping_status":"closed","template":"","meta":{"footnotes":""},"class_list":["post-3722","page","type-page","status-publish","hentry"],"_links":{"self":[{"href":"https:\/\/www.grundschule-welheim.de\/index.php?rest_route=\/wp\/v2\/pages\/3722","targetHints":{"allow":["GET"]}}],"collection":[{"href":"https:\/\/www.grundschule-welheim.de\/index.php?rest_route=\/wp\/v2\/pages"}],"about":[{"href":"https:\/\/www.grundschule-welheim.de\/index.php?rest_route=\/wp\/v2\/types\/page"}],"author":[{"embeddable":true,"href":"https:\/\/www.grundschule-welheim.de\/index.php?rest_route=\/wp\/v2\/users\/1"}],"replies":[{"embeddable":true,"href":"https:\/\/www.grundschule-welheim.de\/index.php?rest_route=%2Fwp%2Fv2%2Fcomments&post=3722"}],"version-history":[{"count":3,"href":"https:\/\/www.grundschule-welheim.de\/index.php?rest_route=\/wp\/v2\/pages\/3722\/revisions"}],"predecessor-version":[{"id":3776,"href":"https:\/\/www.grundschule-welheim.de\/index.php?rest_route=\/wp\/v2\/pages\/3722\/revisions\/3776"}],"wp:attachment":[{"href":"https:\/\/www.grundschule-welheim.de\/index.php?rest_route=%2Fwp%2Fv2%2Fmedia&parent=3722"}],"curies":[{"name":"wp","href":"https:\/\/api.w.org\/{rel}","templated":true}]}}