{"id":3689,"date":"2025-10-10T11:43:47","date_gmt":"2025-10-10T11:43:47","guid":{"rendered":"https:\/\/www.grundschule-welheim.de\/?page_id=3689"},"modified":"2025-10-10T11:43:48","modified_gmt":"2025-10-10T11:43:48","slug":"schule-ohne-rassismus-schule-mit-courage-26-11-2024","status":"publish","type":"page","link":"https:\/\/www.grundschule-welheim.de\/?page_id=3689","title":{"rendered":"Schule ohne Rassismus \u2013 Schule mit Courage, 26.11.2024"},"content":{"rendered":"\n<p>Ab heute tragen wir stolz den Titel \u201eSchule ohne Rassismus \u2013 Schule mit Courage\u201c. Dieses Projekt steht f\u00fcr ein starkes gemeinsames Zeichen gegen Diskriminierung und f\u00fcr ein respektvolles Miteinander. Wir setzen uns aktiv daf\u00fcr ein, dass sich jeder in unserer Schulgemeinschaft willkommen, akzeptiert und sicher f\u00fchlt!<\/p>\n\n\n\n<p>Daf\u00fcr haben wir bereits vor einiger Zeit die Grundsteine gelegt, indem zum Beispiel alle an der Schule bei einer Wahl dar\u00fcber abgestimmt haben, in das Netzwerk \u201eSchule ohne Rassismus \u2013 Schule mit Courage\u201c aufgenommen zu werden.<\/p>\n\n\n\n<p>Am Dienstag fand dann endlich unsere gro\u00dfe Feier statt, an der alle Kinder und auch viele G\u00e4ste teilnahmen. Nach einem bunten B\u00fchnenprogramm, das von den Kindern modiert wurde, wurde das Schild enth\u00fcllt. Das Schild erinnert alle Schulmitglieder ab jetzt t\u00e4glich daran, dass wir uns dazu entschlossen haben, uns aktiv gegen Diskriminierung und Rassismus einzusetzen!<\/p>\n\n\n\n<p><a href=\"https:\/\/bottroper-zeitung.de\/hinschauen-statt-wegsehen-grundschule-welheim-ist-jetzt-schule-ohne-rassismus\/\">https:\/\/bottroper-zeitung.de\/hinschauen-statt-wegsehen-grundschule-welheim-ist-jetzt-schule-ohne-rassismus\/<\/a><\/p>\n\n\n\n<figure class=\"wp-block-image size-large\"><a href=\"https:\/\/www.grundschule-welheim.de\/wp-content\/uploads\/2024\/11\/IMG-20241126-WA0081.jpg\"><img loading=\"lazy\" decoding=\"async\" width=\"1024\" height=\"1013\" src=\"https:\/\/www.grundschule-welheim.de\/wp-content\/uploads\/2024\/11\/IMG-20241126-WA0081-1024x1013.jpg\" alt=\"\" class=\"wp-image-3220\" srcset=\"https:\/\/www.grundschule-welheim.de\/wp-content\/uploads\/2024\/11\/IMG-20241126-WA0081-1024x1013.jpg 1024w, https:\/\/www.grundschule-welheim.de\/wp-content\/uploads\/2024\/11\/IMG-20241126-WA0081-300x297.jpg 300w, https:\/\/www.grundschule-welheim.de\/wp-content\/uploads\/2024\/11\/IMG-20241126-WA0081-768x760.jpg 768w, https:\/\/www.grundschule-welheim.de\/wp-content\/uploads\/2024\/11\/IMG-20241126-WA0081-1536x1520.jpg 1536w, https:\/\/www.grundschule-welheim.de\/wp-content\/uploads\/2024\/11\/IMG-20241126-WA0081-186x185.jpg 186w, https:\/\/www.grundschule-welheim.de\/wp-content\/uploads\/2024\/11\/IMG-20241126-WA0081-60x60.jpg 60w, https:\/\/www.grundschule-welheim.de\/wp-content\/uploads\/2024\/11\/IMG-20241126-WA0081.jpg 2048w\" sizes=\"auto, (max-width: 1024px) 100vw, 1024px\" \/><\/a><\/figure>\n","protected":false},"excerpt":{"rendered":"<p>Ab heute tragen wir stolz den Titel \u201eSchule ohne Rassismus \u2013 Schule mit Courage\u201c. Dieses Projekt steht f\u00fcr ein starkes gemeinsames Zeichen gegen Diskriminierung und f\u00fcr ein respektvolles Miteinander. Wir setzen uns aktiv daf\u00fcr ein, dass sich jeder in unserer &hellip; <\/p>\n","protected":false},"author":1,"featured_media":0,"parent":0,"menu_order":0,"comment_status":"closed","ping_status":"closed","template":"","meta":{"footnotes":""},"class_list":["post-3689","page","type-page","status-publish","hentry"],"_links":{"self":[{"href":"https:\/\/www.grundschule-welheim.de\/index.php?rest_route=\/wp\/v2\/pages\/3689","targetHints":{"allow":["GET"]}}],"collection":[{"href":"https:\/\/www.grundschule-welheim.de\/index.php?rest_route=\/wp\/v2\/pages"}],"about":[{"href":"https:\/\/www.grundschule-welheim.de\/index.php?rest_route=\/wp\/v2\/types\/page"}],"author":[{"embeddable":true,"href":"https:\/\/www.grundschule-welheim.de\/index.php?rest_route=\/wp\/v2\/users\/1"}],"replies":[{"embeddable":true,"href":"https:\/\/www.grundschule-welheim.de\/index.php?rest_route=%2Fwp%2Fv2%2Fcomments&post=3689"}],"version-history":[{"count":1,"href":"https:\/\/www.grundschule-welheim.de\/index.php?rest_route=\/wp\/v2\/pages\/3689\/revisions"}],"predecessor-version":[{"id":3690,"href":"https:\/\/www.grundschule-welheim.de\/index.php?rest_route=\/wp\/v2\/pages\/3689\/revisions\/3690"}],"wp:attachment":[{"href":"https:\/\/www.grundschule-welheim.de\/index.php?rest_route=%2Fwp%2Fv2%2Fmedia&parent=3689"}],"curies":[{"name":"wp","href":"https:\/\/api.w.org\/{rel}","templated":true}]}}