{"id":3665,"date":"2025-09-30T04:28:42","date_gmt":"2025-09-30T04:28:42","guid":{"rendered":"https:\/\/www.grundschule-welheim.de\/?page_id=3665"},"modified":"2025-09-30T12:51:00","modified_gmt":"2025-09-30T12:51:00","slug":"kulissenbau-ag","status":"publish","type":"page","link":"https:\/\/www.grundschule-welheim.de\/?page_id=3665","title":{"rendered":"Kulissenbau AG"},"content":{"rendered":"\n<p>In der Kulissenbau AG werden verschiedene Techniken beim Basteln, Malen, Zeichnen und N\u00e4hen angewendet und ge\u00fcbt. Passend zu den Theaterst\u00fccken unserer Theater AG erstellen die Kinder in der Kulissenbau AG dann B\u00fchnenbilder und Kost\u00fcme.<\/p>\n","protected":false},"excerpt":{"rendered":"<p>In der Kulissenbau AG werden verschiedene Techniken beim Basteln, Malen, Zeichnen und N\u00e4hen angewendet und ge\u00fcbt. Passend zu den Theaterst\u00fccken unserer Theater AG erstellen die Kinder in der Kulissenbau AG dann B\u00fchnenbilder und Kost\u00fcme.<\/p>\n","protected":false},"author":1,"featured_media":0,"parent":0,"menu_order":0,"comment_status":"closed","ping_status":"closed","template":"","meta":{"footnotes":""},"class_list":["post-3665","page","type-page","status-publish","hentry"],"_links":{"self":[{"href":"https:\/\/www.grundschule-welheim.de\/index.php?rest_route=\/wp\/v2\/pages\/3665","targetHints":{"allow":["GET"]}}],"collection":[{"href":"https:\/\/www.grundschule-welheim.de\/index.php?rest_route=\/wp\/v2\/pages"}],"about":[{"href":"https:\/\/www.grundschule-welheim.de\/index.php?rest_route=\/wp\/v2\/types\/page"}],"author":[{"embeddable":true,"href":"https:\/\/www.grundschule-welheim.de\/index.php?rest_route=\/wp\/v2\/users\/1"}],"replies":[{"embeddable":true,"href":"https:\/\/www.grundschule-welheim.de\/index.php?rest_route=%2Fwp%2Fv2%2Fcomments&post=3665"}],"version-history":[{"count":2,"href":"https:\/\/www.grundschule-welheim.de\/index.php?rest_route=\/wp\/v2\/pages\/3665\/revisions"}],"predecessor-version":[{"id":3687,"href":"https:\/\/www.grundschule-welheim.de\/index.php?rest_route=\/wp\/v2\/pages\/3665\/revisions\/3687"}],"wp:attachment":[{"href":"https:\/\/www.grundschule-welheim.de\/index.php?rest_route=%2Fwp%2Fv2%2Fmedia&parent=3665"}],"curies":[{"name":"wp","href":"https:\/\/api.w.org\/{rel}","templated":true}]}}