{"id":3509,"date":"2025-06-25T15:02:33","date_gmt":"2025-06-25T15:02:33","guid":{"rendered":"https:\/\/www.grundschule-welheim.de\/?page_id=3509"},"modified":"2025-07-11T07:16:26","modified_gmt":"2025-07-11T07:16:26","slug":"schulfest-juli-2025","status":"publish","type":"page","link":"https:\/\/www.grundschule-welheim.de\/?page_id=3509","title":{"rendered":"Schulfest, Juli 2025"},"content":{"rendered":"\n<p>Bei wundersch\u00f6nem Wetter wurden die G\u00e4ste bei unserem Sommerfest am 4. Juli zuerst herzlich von Frau Demirtas begr\u00fc\u00dft. Ihre Worte \u00fcber Zusammenhalt und die Kraft des Miteinanders stimmten alle auf das Fest ein. Direkt im Anschluss gab es eine Tanzvorf\u00fchrung der Tanz-AG und dann ging es auch schon los!<\/p>\n\n\n\n<p>F\u00fcr die Kinder gab es auf dem Gel\u00e4nde jede Menge zu entdecken. Insgesamt zehn kreative und liebevoll gestaltete St\u00e4nde mit Aktionen luden zum Mitmachen ein.  An der Kinderschminkstation verwandelten sich zum Beispiel viele Gesichter in farbenfrohe Schmetterlinge, Superhelden oder fantasievolle Wesen. Besonders viel Freude brachte der Ballonk\u00fcnstler, der kunstvolle Figuren zauberte und sie den Kindern schenkte.  Ein weiteres Highlight war die Tombola, die nicht nur Kinderherzen h\u00f6herschlagen lie\u00df! Zu gewinnen gab es fantastische Preise: von einer Woche in einem Turncamp \u00fcber Grills bis hin zu verschiedenen Eintrittskarten und Essensgutscheinen. <\/p>\n\n\n\n<p>F\u00fcr das leibliche Wohl war ebenfalls bestens gesorgt. In der liebevoll gestalteten Cafeteria warteten k\u00f6stliche Kuchen, s\u00fc\u00dfe Leckereien und Kaffee. Besonders beliebt war auch das Buffet mit abwechslungsreichem Fingerfood.<\/p>\n\n\n\n<p>Ein gro\u00dfes Dankesch\u00f6n an alle Eltern, Besucher und das Team der Grundschule Welheim\/Welheimer Mark, die mit ihrer Zeit, ihren Spenden und ihrem Einsatz diesen Tag m\u00f6glich gemacht haben!<\/p>\n\n\n\n<p>Unser Schulfest war ein Fest der Freude und der Gemeinschaft. Es hat gezeigt, wie viel m\u00f6glich ist, wenn wir zusammenkommen!  Wir freuen uns jetzt schon auf das n\u00e4chste Mal!<\/p>\n\n\n\n<p>Weitere Eindr\u00fccke vom Schulfest finden Sie hier: <a href=\"https:\/\/bottroper-zeitung.de\/grundschule-welheim-feierte-ein-buntes-interkulturelles-sommerfest\/\">Bottroper Zeitung<\/a><\/p>\n\n\n\n<figure class=\"wp-block-gallery has-nested-images columns-default is-cropped wp-block-gallery-1 is-layout-flex wp-block-gallery-is-layout-flex\">\n<figure class=\"wp-block-image size-large\"><a href=\"https:\/\/www.grundschule-welheim.de\/wp-content\/uploads\/2025\/07\/20250704_140443-scaled.jpg\"><img loading=\"lazy\" decoding=\"async\" width=\"1024\" height=\"768\" data-id=\"3528\" src=\"https:\/\/www.grundschule-welheim.de\/wp-content\/uploads\/2025\/07\/20250704_140443-1024x768.jpg\" alt=\"\" class=\"wp-image-3528\" srcset=\"https:\/\/www.grundschule-welheim.de\/wp-content\/uploads\/2025\/07\/20250704_140443-1024x768.jpg 1024w, https:\/\/www.grundschule-welheim.de\/wp-content\/uploads\/2025\/07\/20250704_140443-300x225.jpg 300w, https:\/\/www.grundschule-welheim.de\/wp-content\/uploads\/2025\/07\/20250704_140443-768x576.jpg 768w, https:\/\/www.grundschule-welheim.de\/wp-content\/uploads\/2025\/07\/20250704_140443-1536x1152.jpg 1536w, https:\/\/www.grundschule-welheim.de\/wp-content\/uploads\/2025\/07\/20250704_140443-2048x1536.jpg 2048w\" sizes=\"auto, (max-width: 1024px) 100vw, 1024px\" \/><\/a><\/figure>\n\n\n\n<figure class=\"wp-block-image size-large\"><a href=\"https:\/\/www.grundschule-welheim.de\/wp-content\/uploads\/2025\/07\/20250704_140449-scaled.jpg\"><img loading=\"lazy\" decoding=\"async\" width=\"1024\" height=\"768\" data-id=\"3527\" src=\"https:\/\/www.grundschule-welheim.de\/wp-content\/uploads\/2025\/07\/20250704_140449-1024x768.jpg\" alt=\"\" class=\"wp-image-3527\" srcset=\"https:\/\/www.grundschule-welheim.de\/wp-content\/uploads\/2025\/07\/20250704_140449-1024x768.jpg 1024w, https:\/\/www.grundschule-welheim.de\/wp-content\/uploads\/2025\/07\/20250704_140449-300x225.jpg 300w, https:\/\/www.grundschule-welheim.de\/wp-content\/uploads\/2025\/07\/20250704_140449-768x576.jpg 768w, https:\/\/www.grundschule-welheim.de\/wp-content\/uploads\/2025\/07\/20250704_140449-1536x1152.jpg 1536w, https:\/\/www.grundschule-welheim.de\/wp-content\/uploads\/2025\/07\/20250704_140449-2048x1536.jpg 2048w\" sizes=\"auto, (max-width: 1024px) 100vw, 1024px\" \/><\/a><\/figure>\n\n\n\n<figure class=\"wp-block-image size-large\"><a href=\"https:\/\/www.grundschule-welheim.de\/wp-content\/uploads\/2025\/07\/20250704_140515-scaled.jpg\"><img loading=\"lazy\" decoding=\"async\" width=\"1024\" height=\"768\" data-id=\"3526\" src=\"https:\/\/www.grundschule-welheim.de\/wp-content\/uploads\/2025\/07\/20250704_140515-1024x768.jpg\" alt=\"\" class=\"wp-image-3526\" srcset=\"https:\/\/www.grundschule-welheim.de\/wp-content\/uploads\/2025\/07\/20250704_140515-1024x768.jpg 1024w, https:\/\/www.grundschule-welheim.de\/wp-content\/uploads\/2025\/07\/20250704_140515-300x225.jpg 300w, https:\/\/www.grundschule-welheim.de\/wp-content\/uploads\/2025\/07\/20250704_140515-768x576.jpg 768w, https:\/\/www.grundschule-welheim.de\/wp-content\/uploads\/2025\/07\/20250704_140515-1536x1152.jpg 1536w, https:\/\/www.grundschule-welheim.de\/wp-content\/uploads\/2025\/07\/20250704_140515-2048x1536.jpg 2048w\" sizes=\"auto, (max-width: 1024px) 100vw, 1024px\" \/><\/a><\/figure>\n\n\n\n<figure class=\"wp-block-image size-large\"><a href=\"https:\/\/www.grundschule-welheim.de\/wp-content\/uploads\/2025\/07\/20250704_140519-scaled.jpg\"><img loading=\"lazy\" decoding=\"async\" width=\"1024\" height=\"768\" data-id=\"3524\" src=\"https:\/\/www.grundschule-welheim.de\/wp-content\/uploads\/2025\/07\/20250704_140519-1024x768.jpg\" alt=\"\" class=\"wp-image-3524\" srcset=\"https:\/\/www.grundschule-welheim.de\/wp-content\/uploads\/2025\/07\/20250704_140519-1024x768.jpg 1024w, https:\/\/www.grundschule-welheim.de\/wp-content\/uploads\/2025\/07\/20250704_140519-300x225.jpg 300w, https:\/\/www.grundschule-welheim.de\/wp-content\/uploads\/2025\/07\/20250704_140519-768x576.jpg 768w, https:\/\/www.grundschule-welheim.de\/wp-content\/uploads\/2025\/07\/20250704_140519-1536x1152.jpg 1536w, https:\/\/www.grundschule-welheim.de\/wp-content\/uploads\/2025\/07\/20250704_140519-2048x1536.jpg 2048w\" sizes=\"auto, (max-width: 1024px) 100vw, 1024px\" \/><\/a><\/figure>\n\n\n\n<figure class=\"wp-block-image size-large\"><a href=\"https:\/\/www.grundschule-welheim.de\/wp-content\/uploads\/2025\/07\/20250704_140540-scaled.jpg\"><img loading=\"lazy\" decoding=\"async\" width=\"768\" height=\"1024\" data-id=\"3532\" src=\"https:\/\/www.grundschule-welheim.de\/wp-content\/uploads\/2025\/07\/20250704_140540-768x1024.jpg\" alt=\"\" class=\"wp-image-3532\" srcset=\"https:\/\/www.grundschule-welheim.de\/wp-content\/uploads\/2025\/07\/20250704_140540-768x1024.jpg 768w, https:\/\/www.grundschule-welheim.de\/wp-content\/uploads\/2025\/07\/20250704_140540-225x300.jpg 225w, https:\/\/www.grundschule-welheim.de\/wp-content\/uploads\/2025\/07\/20250704_140540-1152x1536.jpg 1152w, https:\/\/www.grundschule-welheim.de\/wp-content\/uploads\/2025\/07\/20250704_140540-1536x2048.jpg 1536w, https:\/\/www.grundschule-welheim.de\/wp-content\/uploads\/2025\/07\/20250704_140540-scaled.jpg 1920w\" sizes=\"auto, (max-width: 768px) 100vw, 768px\" \/><\/a><\/figure>\n\n\n\n<figure class=\"wp-block-image size-large\"><a href=\"https:\/\/www.grundschule-welheim.de\/wp-content\/uploads\/2025\/07\/20250704_141001-scaled.jpg\"><img loading=\"lazy\" decoding=\"async\" width=\"1024\" height=\"768\" data-id=\"3530\" src=\"https:\/\/www.grundschule-welheim.de\/wp-content\/uploads\/2025\/07\/20250704_141001-1024x768.jpg\" alt=\"\" class=\"wp-image-3530\" srcset=\"https:\/\/www.grundschule-welheim.de\/wp-content\/uploads\/2025\/07\/20250704_141001-1024x768.jpg 1024w, https:\/\/www.grundschule-welheim.de\/wp-content\/uploads\/2025\/07\/20250704_141001-300x225.jpg 300w, https:\/\/www.grundschule-welheim.de\/wp-content\/uploads\/2025\/07\/20250704_141001-768x576.jpg 768w, https:\/\/www.grundschule-welheim.de\/wp-content\/uploads\/2025\/07\/20250704_141001-1536x1152.jpg 1536w, https:\/\/www.grundschule-welheim.de\/wp-content\/uploads\/2025\/07\/20250704_141001-2048x1536.jpg 2048w\" sizes=\"auto, (max-width: 1024px) 100vw, 1024px\" \/><\/a><\/figure>\n\n\n\n<figure class=\"wp-block-image size-large\"><a href=\"https:\/\/www.grundschule-welheim.de\/wp-content\/uploads\/2025\/07\/20250704_141058-scaled.jpg\"><img loading=\"lazy\" decoding=\"async\" width=\"768\" height=\"1024\" data-id=\"3539\" src=\"https:\/\/www.grundschule-welheim.de\/wp-content\/uploads\/2025\/07\/20250704_141058-768x1024.jpg\" alt=\"\" class=\"wp-image-3539\" srcset=\"https:\/\/www.grundschule-welheim.de\/wp-content\/uploads\/2025\/07\/20250704_141058-768x1024.jpg 768w, https:\/\/www.grundschule-welheim.de\/wp-content\/uploads\/2025\/07\/20250704_141058-225x300.jpg 225w, https:\/\/www.grundschule-welheim.de\/wp-content\/uploads\/2025\/07\/20250704_141058-1152x1536.jpg 1152w, https:\/\/www.grundschule-welheim.de\/wp-content\/uploads\/2025\/07\/20250704_141058-1536x2048.jpg 1536w, https:\/\/www.grundschule-welheim.de\/wp-content\/uploads\/2025\/07\/20250704_141058-scaled.jpg 1920w\" sizes=\"auto, (max-width: 768px) 100vw, 768px\" \/><\/a><\/figure>\n\n\n\n<figure class=\"wp-block-image size-large\"><a href=\"https:\/\/www.grundschule-welheim.de\/wp-content\/uploads\/2025\/07\/20250704_141225-scaled.jpg\"><img loading=\"lazy\" decoding=\"async\" width=\"768\" height=\"1024\" data-id=\"3529\" src=\"https:\/\/www.grundschule-welheim.de\/wp-content\/uploads\/2025\/07\/20250704_141225-768x1024.jpg\" alt=\"\" class=\"wp-image-3529\" srcset=\"https:\/\/www.grundschule-welheim.de\/wp-content\/uploads\/2025\/07\/20250704_141225-768x1024.jpg 768w, https:\/\/www.grundschule-welheim.de\/wp-content\/uploads\/2025\/07\/20250704_141225-225x300.jpg 225w, https:\/\/www.grundschule-welheim.de\/wp-content\/uploads\/2025\/07\/20250704_141225-1152x1536.jpg 1152w, https:\/\/www.grundschule-welheim.de\/wp-content\/uploads\/2025\/07\/20250704_141225-1536x2048.jpg 1536w, https:\/\/www.grundschule-welheim.de\/wp-content\/uploads\/2025\/07\/20250704_141225-scaled.jpg 1920w\" sizes=\"auto, (max-width: 768px) 100vw, 768px\" \/><\/a><\/figure>\n\n\n\n<figure class=\"wp-block-image size-large\"><a href=\"https:\/\/www.grundschule-welheim.de\/wp-content\/uploads\/2025\/07\/20250704_141256-scaled.jpg\"><img loading=\"lazy\" decoding=\"async\" width=\"768\" height=\"1024\" data-id=\"3536\" src=\"https:\/\/www.grundschule-welheim.de\/wp-content\/uploads\/2025\/07\/20250704_141256-768x1024.jpg\" alt=\"\" class=\"wp-image-3536\" srcset=\"https:\/\/www.grundschule-welheim.de\/wp-content\/uploads\/2025\/07\/20250704_141256-768x1024.jpg 768w, https:\/\/www.grundschule-welheim.de\/wp-content\/uploads\/2025\/07\/20250704_141256-225x300.jpg 225w, https:\/\/www.grundschule-welheim.de\/wp-content\/uploads\/2025\/07\/20250704_141256-1152x1536.jpg 1152w, https:\/\/www.grundschule-welheim.de\/wp-content\/uploads\/2025\/07\/20250704_141256-1536x2048.jpg 1536w, https:\/\/www.grundschule-welheim.de\/wp-content\/uploads\/2025\/07\/20250704_141256-scaled.jpg 1920w\" sizes=\"auto, (max-width: 768px) 100vw, 768px\" \/><\/a><\/figure>\n\n\n\n<figure class=\"wp-block-image size-large\"><a href=\"https:\/\/www.grundschule-welheim.de\/wp-content\/uploads\/2025\/07\/20250704_141727-scaled.jpg\"><img loading=\"lazy\" decoding=\"async\" width=\"1024\" height=\"768\" data-id=\"3533\" src=\"https:\/\/www.grundschule-welheim.de\/wp-content\/uploads\/2025\/07\/20250704_141727-1024x768.jpg\" alt=\"\" class=\"wp-image-3533\" srcset=\"https:\/\/www.grundschule-welheim.de\/wp-content\/uploads\/2025\/07\/20250704_141727-1024x768.jpg 1024w, https:\/\/www.grundschule-welheim.de\/wp-content\/uploads\/2025\/07\/20250704_141727-300x225.jpg 300w, https:\/\/www.grundschule-welheim.de\/wp-content\/uploads\/2025\/07\/20250704_141727-768x576.jpg 768w, https:\/\/www.grundschule-welheim.de\/wp-content\/uploads\/2025\/07\/20250704_141727-1536x1152.jpg 1536w, https:\/\/www.grundschule-welheim.de\/wp-content\/uploads\/2025\/07\/20250704_141727-2048x1536.jpg 2048w\" sizes=\"auto, (max-width: 1024px) 100vw, 1024px\" \/><\/a><\/figure>\n\n\n\n<figure class=\"wp-block-image size-large\"><a href=\"https:\/\/www.grundschule-welheim.de\/wp-content\/uploads\/2025\/07\/20250704_142153-scaled.jpg\"><img loading=\"lazy\" decoding=\"async\" width=\"768\" height=\"1024\" data-id=\"3535\" src=\"https:\/\/www.grundschule-welheim.de\/wp-content\/uploads\/2025\/07\/20250704_142153-768x1024.jpg\" alt=\"\" class=\"wp-image-3535\" srcset=\"https:\/\/www.grundschule-welheim.de\/wp-content\/uploads\/2025\/07\/20250704_142153-768x1024.jpg 768w, https:\/\/www.grundschule-welheim.de\/wp-content\/uploads\/2025\/07\/20250704_142153-225x300.jpg 225w, https:\/\/www.grundschule-welheim.de\/wp-content\/uploads\/2025\/07\/20250704_142153-1152x1536.jpg 1152w, https:\/\/www.grundschule-welheim.de\/wp-content\/uploads\/2025\/07\/20250704_142153-1536x2048.jpg 1536w, https:\/\/www.grundschule-welheim.de\/wp-content\/uploads\/2025\/07\/20250704_142153-scaled.jpg 1920w\" sizes=\"auto, (max-width: 768px) 100vw, 768px\" \/><\/a><\/figure>\n\n\n\n<figure class=\"wp-block-image size-large\"><a href=\"https:\/\/www.grundschule-welheim.de\/wp-content\/uploads\/2025\/07\/20250704_142536-scaled.jpg\"><img loading=\"lazy\" decoding=\"async\" width=\"768\" height=\"1024\" data-id=\"3542\" src=\"https:\/\/www.grundschule-welheim.de\/wp-content\/uploads\/2025\/07\/20250704_142536-768x1024.jpg\" alt=\"\" class=\"wp-image-3542\" srcset=\"https:\/\/www.grundschule-welheim.de\/wp-content\/uploads\/2025\/07\/20250704_142536-768x1024.jpg 768w, https:\/\/www.grundschule-welheim.de\/wp-content\/uploads\/2025\/07\/20250704_142536-225x300.jpg 225w, https:\/\/www.grundschule-welheim.de\/wp-content\/uploads\/2025\/07\/20250704_142536-1152x1536.jpg 1152w, https:\/\/www.grundschule-welheim.de\/wp-content\/uploads\/2025\/07\/20250704_142536-1536x2048.jpg 1536w, https:\/\/www.grundschule-welheim.de\/wp-content\/uploads\/2025\/07\/20250704_142536-scaled.jpg 1920w\" sizes=\"auto, (max-width: 768px) 100vw, 768px\" \/><\/a><\/figure>\n\n\n\n<figure class=\"wp-block-image size-large\"><a href=\"https:\/\/www.grundschule-welheim.de\/wp-content\/uploads\/2025\/07\/20250704_143459-scaled.jpg\"><img loading=\"lazy\" decoding=\"async\" width=\"768\" height=\"1024\" data-id=\"3540\" src=\"https:\/\/www.grundschule-welheim.de\/wp-content\/uploads\/2025\/07\/20250704_143459-768x1024.jpg\" alt=\"\" class=\"wp-image-3540\" srcset=\"https:\/\/www.grundschule-welheim.de\/wp-content\/uploads\/2025\/07\/20250704_143459-768x1024.jpg 768w, https:\/\/www.grundschule-welheim.de\/wp-content\/uploads\/2025\/07\/20250704_143459-225x300.jpg 225w, https:\/\/www.grundschule-welheim.de\/wp-content\/uploads\/2025\/07\/20250704_143459-1152x1536.jpg 1152w, https:\/\/www.grundschule-welheim.de\/wp-content\/uploads\/2025\/07\/20250704_143459-1536x2048.jpg 1536w, https:\/\/www.grundschule-welheim.de\/wp-content\/uploads\/2025\/07\/20250704_143459-scaled.jpg 1920w\" sizes=\"auto, (max-width: 768px) 100vw, 768px\" \/><\/a><\/figure>\n\n\n\n<figure class=\"wp-block-image size-large\"><a href=\"https:\/\/www.grundschule-welheim.de\/wp-content\/uploads\/2025\/07\/20250704_143507-scaled.jpg\"><img loading=\"lazy\" decoding=\"async\" width=\"768\" height=\"1024\" data-id=\"3534\" src=\"https:\/\/www.grundschule-welheim.de\/wp-content\/uploads\/2025\/07\/20250704_143507-768x1024.jpg\" alt=\"\" class=\"wp-image-3534\" srcset=\"https:\/\/www.grundschule-welheim.de\/wp-content\/uploads\/2025\/07\/20250704_143507-768x1024.jpg 768w, https:\/\/www.grundschule-welheim.de\/wp-content\/uploads\/2025\/07\/20250704_143507-225x300.jpg 225w, https:\/\/www.grundschule-welheim.de\/wp-content\/uploads\/2025\/07\/20250704_143507-1152x1536.jpg 1152w, https:\/\/www.grundschule-welheim.de\/wp-content\/uploads\/2025\/07\/20250704_143507-1536x2048.jpg 1536w, https:\/\/www.grundschule-welheim.de\/wp-content\/uploads\/2025\/07\/20250704_143507-scaled.jpg 1920w\" sizes=\"auto, (max-width: 768px) 100vw, 768px\" \/><\/a><\/figure>\n\n\n\n<figure class=\"wp-block-image size-large\"><a href=\"https:\/\/www.grundschule-welheim.de\/wp-content\/uploads\/2025\/07\/20250704_143538-scaled.jpg\"><img loading=\"lazy\" decoding=\"async\" width=\"768\" height=\"1024\" data-id=\"3538\" src=\"https:\/\/www.grundschule-welheim.de\/wp-content\/uploads\/2025\/07\/20250704_143538-768x1024.jpg\" alt=\"\" class=\"wp-image-3538\" srcset=\"https:\/\/www.grundschule-welheim.de\/wp-content\/uploads\/2025\/07\/20250704_143538-768x1024.jpg 768w, https:\/\/www.grundschule-welheim.de\/wp-content\/uploads\/2025\/07\/20250704_143538-225x300.jpg 225w, https:\/\/www.grundschule-welheim.de\/wp-content\/uploads\/2025\/07\/20250704_143538-1152x1536.jpg 1152w, https:\/\/www.grundschule-welheim.de\/wp-content\/uploads\/2025\/07\/20250704_143538-1536x2048.jpg 1536w, https:\/\/www.grundschule-welheim.de\/wp-content\/uploads\/2025\/07\/20250704_143538-scaled.jpg 1920w\" sizes=\"auto, (max-width: 768px) 100vw, 768px\" \/><\/a><\/figure>\n\n\n\n<figure class=\"wp-block-image size-large\"><a href=\"https:\/\/www.grundschule-welheim.de\/wp-content\/uploads\/2025\/07\/20250704_143645-scaled.jpg\"><img loading=\"lazy\" decoding=\"async\" width=\"768\" height=\"1024\" data-id=\"3531\" src=\"https:\/\/www.grundschule-welheim.de\/wp-content\/uploads\/2025\/07\/20250704_143645-768x1024.jpg\" alt=\"\" class=\"wp-image-3531\" srcset=\"https:\/\/www.grundschule-welheim.de\/wp-content\/uploads\/2025\/07\/20250704_143645-768x1024.jpg 768w, https:\/\/www.grundschule-welheim.de\/wp-content\/uploads\/2025\/07\/20250704_143645-225x300.jpg 225w, https:\/\/www.grundschule-welheim.de\/wp-content\/uploads\/2025\/07\/20250704_143645-1152x1536.jpg 1152w, https:\/\/www.grundschule-welheim.de\/wp-content\/uploads\/2025\/07\/20250704_143645-1536x2048.jpg 1536w, https:\/\/www.grundschule-welheim.de\/wp-content\/uploads\/2025\/07\/20250704_143645-scaled.jpg 1920w\" sizes=\"auto, (max-width: 768px) 100vw, 768px\" \/><\/a><\/figure>\n\n\n\n<figure class=\"wp-block-image size-large\"><a href=\"https:\/\/www.grundschule-welheim.de\/wp-content\/uploads\/2025\/07\/20250704_143753-scaled.jpg\"><img loading=\"lazy\" decoding=\"async\" width=\"1024\" height=\"768\" data-id=\"3550\" src=\"https:\/\/www.grundschule-welheim.de\/wp-content\/uploads\/2025\/07\/20250704_143753-1024x768.jpg\" alt=\"\" class=\"wp-image-3550\" srcset=\"https:\/\/www.grundschule-welheim.de\/wp-content\/uploads\/2025\/07\/20250704_143753-1024x768.jpg 1024w, https:\/\/www.grundschule-welheim.de\/wp-content\/uploads\/2025\/07\/20250704_143753-300x225.jpg 300w, https:\/\/www.grundschule-welheim.de\/wp-content\/uploads\/2025\/07\/20250704_143753-768x576.jpg 768w, https:\/\/www.grundschule-welheim.de\/wp-content\/uploads\/2025\/07\/20250704_143753-1536x1152.jpg 1536w, https:\/\/www.grundschule-welheim.de\/wp-content\/uploads\/2025\/07\/20250704_143753-2048x1536.jpg 2048w\" sizes=\"auto, (max-width: 1024px) 100vw, 1024px\" \/><\/a><\/figure>\n\n\n\n<figure class=\"wp-block-image size-large\"><a href=\"https:\/\/www.grundschule-welheim.de\/wp-content\/uploads\/2025\/07\/20250704_143959-scaled.jpg\"><img loading=\"lazy\" decoding=\"async\" width=\"1920\" height=\"2560\" data-id=\"3548\" src=\"https:\/\/www.grundschule-welheim.de\/wp-content\/uploads\/2025\/07\/20250704_143959-scaled.jpg\" alt=\"\" class=\"wp-image-3548\" srcset=\"https:\/\/www.grundschule-welheim.de\/wp-content\/uploads\/2025\/07\/20250704_143959-scaled.jpg 1920w, https:\/\/www.grundschule-welheim.de\/wp-content\/uploads\/2025\/07\/20250704_143959-768x1024.jpg 768w, https:\/\/www.grundschule-welheim.de\/wp-content\/uploads\/2025\/07\/20250704_143959-1152x1536.jpg 1152w, https:\/\/www.grundschule-welheim.de\/wp-content\/uploads\/2025\/07\/20250704_143959-1536x2048.jpg 1536w\" sizes=\"auto, (max-width: 1920px) 100vw, 1920px\" \/><\/a><\/figure>\n\n\n\n<figure class=\"wp-block-image size-large\"><a href=\"https:\/\/www.grundschule-welheim.de\/wp-content\/uploads\/2025\/07\/20250704_144007-scaled.jpg\"><img loading=\"lazy\" decoding=\"async\" width=\"768\" height=\"1024\" data-id=\"3546\" src=\"https:\/\/www.grundschule-welheim.de\/wp-content\/uploads\/2025\/07\/20250704_144007-768x1024.jpg\" alt=\"\" class=\"wp-image-3546\" srcset=\"https:\/\/www.grundschule-welheim.de\/wp-content\/uploads\/2025\/07\/20250704_144007-768x1024.jpg 768w, https:\/\/www.grundschule-welheim.de\/wp-content\/uploads\/2025\/07\/20250704_144007-225x300.jpg 225w, https:\/\/www.grundschule-welheim.de\/wp-content\/uploads\/2025\/07\/20250704_144007-1152x1536.jpg 1152w, https:\/\/www.grundschule-welheim.de\/wp-content\/uploads\/2025\/07\/20250704_144007-1536x2048.jpg 1536w, https:\/\/www.grundschule-welheim.de\/wp-content\/uploads\/2025\/07\/20250704_144007-scaled.jpg 1920w\" sizes=\"auto, (max-width: 768px) 100vw, 768px\" \/><\/a><\/figure>\n\n\n\n<figure class=\"wp-block-image size-large\"><a href=\"https:\/\/www.grundschule-welheim.de\/wp-content\/uploads\/2025\/07\/20250704_144030-scaled.jpg\"><img loading=\"lazy\" decoding=\"async\" width=\"768\" height=\"1024\" data-id=\"3544\" src=\"https:\/\/www.grundschule-welheim.de\/wp-content\/uploads\/2025\/07\/20250704_144030-768x1024.jpg\" alt=\"\" class=\"wp-image-3544\" srcset=\"https:\/\/www.grundschule-welheim.de\/wp-content\/uploads\/2025\/07\/20250704_144030-768x1024.jpg 768w, https:\/\/www.grundschule-welheim.de\/wp-content\/uploads\/2025\/07\/20250704_144030-225x300.jpg 225w, https:\/\/www.grundschule-welheim.de\/wp-content\/uploads\/2025\/07\/20250704_144030-1152x1536.jpg 1152w, https:\/\/www.grundschule-welheim.de\/wp-content\/uploads\/2025\/07\/20250704_144030-1536x2048.jpg 1536w, https:\/\/www.grundschule-welheim.de\/wp-content\/uploads\/2025\/07\/20250704_144030-scaled.jpg 1920w\" sizes=\"auto, (max-width: 768px) 100vw, 768px\" \/><\/a><\/figure>\n\n\n\n<figure class=\"wp-block-image size-large\"><a href=\"https:\/\/www.grundschule-welheim.de\/wp-content\/uploads\/2025\/07\/20250704_144116-scaled.jpg\"><img loading=\"lazy\" decoding=\"async\" width=\"768\" height=\"1024\" data-id=\"3549\" src=\"https:\/\/www.grundschule-welheim.de\/wp-content\/uploads\/2025\/07\/20250704_144116-768x1024.jpg\" alt=\"\" class=\"wp-image-3549\" srcset=\"https:\/\/www.grundschule-welheim.de\/wp-content\/uploads\/2025\/07\/20250704_144116-768x1024.jpg 768w, https:\/\/www.grundschule-welheim.de\/wp-content\/uploads\/2025\/07\/20250704_144116-225x300.jpg 225w, https:\/\/www.grundschule-welheim.de\/wp-content\/uploads\/2025\/07\/20250704_144116-1152x1536.jpg 1152w, https:\/\/www.grundschule-welheim.de\/wp-content\/uploads\/2025\/07\/20250704_144116-1536x2048.jpg 1536w, https:\/\/www.grundschule-welheim.de\/wp-content\/uploads\/2025\/07\/20250704_144116-scaled.jpg 1920w\" sizes=\"auto, (max-width: 768px) 100vw, 768px\" \/><\/a><\/figure>\n\n\n\n<figure class=\"wp-block-image size-large\"><a href=\"https:\/\/www.grundschule-welheim.de\/wp-content\/uploads\/2025\/07\/20250704_144143-scaled.jpg\"><img loading=\"lazy\" decoding=\"async\" width=\"1024\" height=\"768\" data-id=\"3543\" src=\"https:\/\/www.grundschule-welheim.de\/wp-content\/uploads\/2025\/07\/20250704_144143-1024x768.jpg\" alt=\"\" class=\"wp-image-3543\" srcset=\"https:\/\/www.grundschule-welheim.de\/wp-content\/uploads\/2025\/07\/20250704_144143-1024x768.jpg 1024w, https:\/\/www.grundschule-welheim.de\/wp-content\/uploads\/2025\/07\/20250704_144143-300x225.jpg 300w, https:\/\/www.grundschule-welheim.de\/wp-content\/uploads\/2025\/07\/20250704_144143-768x576.jpg 768w, https:\/\/www.grundschule-welheim.de\/wp-content\/uploads\/2025\/07\/20250704_144143-1536x1152.jpg 1536w, https:\/\/www.grundschule-welheim.de\/wp-content\/uploads\/2025\/07\/20250704_144143-2048x1536.jpg 2048w\" sizes=\"auto, (max-width: 1024px) 100vw, 1024px\" \/><\/a><\/figure>\n\n\n\n<figure class=\"wp-block-image size-large\"><a href=\"https:\/\/www.grundschule-welheim.de\/wp-content\/uploads\/2025\/07\/20250704_152122-scaled.jpg\"><img loading=\"lazy\" decoding=\"async\" width=\"768\" height=\"1024\" data-id=\"3551\" src=\"https:\/\/www.grundschule-welheim.de\/wp-content\/uploads\/2025\/07\/20250704_152122-768x1024.jpg\" alt=\"\" class=\"wp-image-3551\" srcset=\"https:\/\/www.grundschule-welheim.de\/wp-content\/uploads\/2025\/07\/20250704_152122-768x1024.jpg 768w, https:\/\/www.grundschule-welheim.de\/wp-content\/uploads\/2025\/07\/20250704_152122-225x300.jpg 225w, https:\/\/www.grundschule-welheim.de\/wp-content\/uploads\/2025\/07\/20250704_152122-1152x1536.jpg 1152w, https:\/\/www.grundschule-welheim.de\/wp-content\/uploads\/2025\/07\/20250704_152122-1536x2048.jpg 1536w, https:\/\/www.grundschule-welheim.de\/wp-content\/uploads\/2025\/07\/20250704_152122-scaled.jpg 1920w\" sizes=\"auto, (max-width: 768px) 100vw, 768px\" \/><\/a><\/figure>\n\n\n\n<figure class=\"wp-block-image size-large\"><a href=\"https:\/\/www.grundschule-welheim.de\/wp-content\/uploads\/2025\/07\/20250704_153200-scaled.jpg\"><img loading=\"lazy\" decoding=\"async\" width=\"1920\" height=\"2560\" data-id=\"3555\" src=\"https:\/\/www.grundschule-welheim.de\/wp-content\/uploads\/2025\/07\/20250704_153200-scaled.jpg\" alt=\"\" class=\"wp-image-3555\"\/><\/a><\/figure>\n<\/figure>\n\n\n\n<p><\/p>\n","protected":false},"excerpt":{"rendered":"<p>Bei wundersch\u00f6nem Wetter wurden die G\u00e4ste bei unserem Sommerfest am 4. Juli zuerst herzlich von Frau Demirtas begr\u00fc\u00dft. Ihre Worte \u00fcber Zusammenhalt und die Kraft des Miteinanders stimmten alle auf das Fest ein. Direkt im Anschluss gab es eine Tanzvorf\u00fchrung &hellip; <\/p>\n","protected":false},"author":1,"featured_media":0,"parent":0,"menu_order":0,"comment_status":"closed","ping_status":"closed","template":"","meta":{"footnotes":""},"class_list":["post-3509","page","type-page","status-publish","hentry"],"_links":{"self":[{"href":"https:\/\/www.grundschule-welheim.de\/index.php?rest_route=\/wp\/v2\/pages\/3509","targetHints":{"allow":["GET"]}}],"collection":[{"href":"https:\/\/www.grundschule-welheim.de\/index.php?rest_route=\/wp\/v2\/pages"}],"about":[{"href":"https:\/\/www.grundschule-welheim.de\/index.php?rest_route=\/wp\/v2\/types\/page"}],"author":[{"embeddable":true,"href":"https:\/\/www.grundschule-welheim.de\/index.php?rest_route=\/wp\/v2\/users\/1"}],"replies":[{"embeddable":true,"href":"https:\/\/www.grundschule-welheim.de\/index.php?rest_route=%2Fwp%2Fv2%2Fcomments&post=3509"}],"version-history":[{"count":4,"href":"https:\/\/www.grundschule-welheim.de\/index.php?rest_route=\/wp\/v2\/pages\/3509\/revisions"}],"predecessor-version":[{"id":3585,"href":"https:\/\/www.grundschule-welheim.de\/index.php?rest_route=\/wp\/v2\/pages\/3509\/revisions\/3585"}],"wp:attachment":[{"href":"https:\/\/www.grundschule-welheim.de\/index.php?rest_route=%2Fwp%2Fv2%2Fmedia&parent=3509"}],"curies":[{"name":"wp","href":"https:\/\/api.w.org\/{rel}","templated":true}]}}