{"id":3368,"date":"2025-02-28T13:10:02","date_gmt":"2025-02-28T13:10:02","guid":{"rendered":"https:\/\/www.grundschule-welheim.de\/?page_id=3368"},"modified":"2025-04-04T11:09:33","modified_gmt":"2025-04-04T11:09:33","slug":"lesenacht","status":"publish","type":"page","link":"https:\/\/www.grundschule-welheim.de\/?page_id=3368","title":{"rendered":"Lesenacht, April 2025"},"content":{"rendered":"\n<p>Am Donnerstag, den 03.04.2025, fand unsere zweite Lesenacht an beiden Schulstandorten statt. Im Vorfeld konnten sich die Kinder freiwillig anmelden, wenn sie an diesem Abend aus ihrem Lieblingsbuch vorlesen wollten. Die Lieblingsb\u00fccher konnten in der deutschen Sprache oder in anderen Sprachen vorgelesen werden.<\/p>\n\n\n\n<p>Die Besucher der Lesenacht konnten dann zu festen Vorlesezeiten den vorlesenden Kindern in gem\u00fctlicher Atmosph\u00e4re lauschen. Anhand ausgeh\u00e4ngter Listen konnten sie sehen, welches Kind aus welchem Buch vorliest.<\/p>\n\n\n\n<p>In den dekorierten Klassenr\u00e4umen bekamen die Kinder, die aus ihrem Lieblingsbuch vorgelesen haben, einen Ehrenplatz. Ein Gong l\u00e4utete den Beginn und das Ende der Vorlesezeit ein. Zwischen den Vorlesezeiten konnten sich die Besucher in der Cafeteria st\u00e4rken und die Kinder konnten an einer Verlosung teilnehmen.<\/p>\n\n\n\n<p>Es war ein rundum toller Vorleseabend! Ein gro\u00dfer Dank gilt den Kindern, die aus ihren Lieblingsb\u00fcchern vorgelesen haben \u2013 das habt ihr super gemacht!<\/p>\n\n\n\n<figure class=\"wp-block-gallery columns-3 is-cropped wp-block-gallery-1 is-layout-flex wp-block-gallery-is-layout-flex\"><ul class=\"blocks-gallery-grid\"><li class=\"blocks-gallery-item\"><figure><a href=\"https:\/\/www.grundschule-welheim.de\/wp-content\/uploads\/2025\/04\/20250403_161107-768x1024.jpg\"><img loading=\"lazy\" decoding=\"async\" width=\"768\" height=\"1024\" src=\"https:\/\/www.grundschule-welheim.de\/wp-content\/uploads\/2025\/04\/20250403_161107-768x1024.jpg\" alt=\"\" data-id=\"3401\" data-link=\"https:\/\/www.grundschule-welheim.de\/?attachment_id=3401\" class=\"wp-image-3401\" srcset=\"https:\/\/www.grundschule-welheim.de\/wp-content\/uploads\/2025\/04\/20250403_161107-768x1024.jpg 768w, https:\/\/www.grundschule-welheim.de\/wp-content\/uploads\/2025\/04\/20250403_161107-225x300.jpg 225w, https:\/\/www.grundschule-welheim.de\/wp-content\/uploads\/2025\/04\/20250403_161107-1152x1536.jpg 1152w, https:\/\/www.grundschule-welheim.de\/wp-content\/uploads\/2025\/04\/20250403_161107-1536x2048.jpg 1536w, https:\/\/www.grundschule-welheim.de\/wp-content\/uploads\/2025\/04\/20250403_161107-scaled.jpg 1920w\" sizes=\"auto, (max-width: 768px) 100vw, 768px\" \/><\/a><\/figure><\/li><li class=\"blocks-gallery-item\"><figure><a href=\"https:\/\/www.grundschule-welheim.de\/wp-content\/uploads\/2025\/04\/20250403_162013-1024x768.jpg\"><img loading=\"lazy\" decoding=\"async\" width=\"1024\" height=\"768\" src=\"https:\/\/www.grundschule-welheim.de\/wp-content\/uploads\/2025\/04\/20250403_162013-1024x768.jpg\" alt=\"\" data-id=\"3402\" data-link=\"https:\/\/www.grundschule-welheim.de\/?attachment_id=3402\" class=\"wp-image-3402\" srcset=\"https:\/\/www.grundschule-welheim.de\/wp-content\/uploads\/2025\/04\/20250403_162013-1024x768.jpg 1024w, https:\/\/www.grundschule-welheim.de\/wp-content\/uploads\/2025\/04\/20250403_162013-300x225.jpg 300w, https:\/\/www.grundschule-welheim.de\/wp-content\/uploads\/2025\/04\/20250403_162013-768x576.jpg 768w, https:\/\/www.grundschule-welheim.de\/wp-content\/uploads\/2025\/04\/20250403_162013-1536x1152.jpg 1536w, https:\/\/www.grundschule-welheim.de\/wp-content\/uploads\/2025\/04\/20250403_162013-2048x1536.jpg 2048w\" sizes=\"auto, (max-width: 1024px) 100vw, 1024px\" \/><\/a><\/figure><\/li><li class=\"blocks-gallery-item\"><figure><a href=\"https:\/\/www.grundschule-welheim.de\/wp-content\/uploads\/2025\/04\/20250403_162403-1024x768.jpg\"><img loading=\"lazy\" decoding=\"async\" width=\"1024\" height=\"768\" src=\"https:\/\/www.grundschule-welheim.de\/wp-content\/uploads\/2025\/04\/20250403_162403-1024x768.jpg\" alt=\"\" data-id=\"3403\" data-link=\"https:\/\/www.grundschule-welheim.de\/?attachment_id=3403\" class=\"wp-image-3403\" srcset=\"https:\/\/www.grundschule-welheim.de\/wp-content\/uploads\/2025\/04\/20250403_162403-1024x768.jpg 1024w, https:\/\/www.grundschule-welheim.de\/wp-content\/uploads\/2025\/04\/20250403_162403-300x225.jpg 300w, https:\/\/www.grundschule-welheim.de\/wp-content\/uploads\/2025\/04\/20250403_162403-768x576.jpg 768w, https:\/\/www.grundschule-welheim.de\/wp-content\/uploads\/2025\/04\/20250403_162403-1536x1152.jpg 1536w, https:\/\/www.grundschule-welheim.de\/wp-content\/uploads\/2025\/04\/20250403_162403-2048x1536.jpg 2048w\" sizes=\"auto, (max-width: 1024px) 100vw, 1024px\" \/><\/a><\/figure><\/li><li class=\"blocks-gallery-item\"><figure><a href=\"https:\/\/www.grundschule-welheim.de\/wp-content\/uploads\/2025\/04\/20250403_171733-1024x768.jpg\"><img loading=\"lazy\" decoding=\"async\" width=\"1024\" height=\"768\" src=\"https:\/\/www.grundschule-welheim.de\/wp-content\/uploads\/2025\/04\/20250403_171733-1024x768.jpg\" alt=\"\" data-id=\"3404\" data-link=\"https:\/\/www.grundschule-welheim.de\/?attachment_id=3404\" class=\"wp-image-3404\" srcset=\"https:\/\/www.grundschule-welheim.de\/wp-content\/uploads\/2025\/04\/20250403_171733-1024x768.jpg 1024w, https:\/\/www.grundschule-welheim.de\/wp-content\/uploads\/2025\/04\/20250403_171733-300x225.jpg 300w, https:\/\/www.grundschule-welheim.de\/wp-content\/uploads\/2025\/04\/20250403_171733-768x576.jpg 768w, https:\/\/www.grundschule-welheim.de\/wp-content\/uploads\/2025\/04\/20250403_171733-1536x1152.jpg 1536w, https:\/\/www.grundschule-welheim.de\/wp-content\/uploads\/2025\/04\/20250403_171733-2048x1536.jpg 2048w\" sizes=\"auto, (max-width: 1024px) 100vw, 1024px\" \/><\/a><\/figure><\/li><li class=\"blocks-gallery-item\"><figure><a href=\"https:\/\/www.grundschule-welheim.de\/wp-content\/uploads\/2025\/04\/20250403_172508-768x1024.jpg\"><img loading=\"lazy\" decoding=\"async\" width=\"768\" height=\"1024\" src=\"https:\/\/www.grundschule-welheim.de\/wp-content\/uploads\/2025\/04\/20250403_172508-768x1024.jpg\" alt=\"\" data-id=\"3405\" data-link=\"https:\/\/www.grundschule-welheim.de\/?attachment_id=3405\" class=\"wp-image-3405\" srcset=\"https:\/\/www.grundschule-welheim.de\/wp-content\/uploads\/2025\/04\/20250403_172508-768x1024.jpg 768w, https:\/\/www.grundschule-welheim.de\/wp-content\/uploads\/2025\/04\/20250403_172508-225x300.jpg 225w, https:\/\/www.grundschule-welheim.de\/wp-content\/uploads\/2025\/04\/20250403_172508-1152x1536.jpg 1152w, https:\/\/www.grundschule-welheim.de\/wp-content\/uploads\/2025\/04\/20250403_172508-1536x2048.jpg 1536w, https:\/\/www.grundschule-welheim.de\/wp-content\/uploads\/2025\/04\/20250403_172508-scaled.jpg 1920w\" sizes=\"auto, (max-width: 768px) 100vw, 768px\" \/><\/a><\/figure><\/li><li class=\"blocks-gallery-item\"><figure><a href=\"https:\/\/www.grundschule-welheim.de\/wp-content\/uploads\/2025\/04\/20250403_173350-768x1024.jpg\"><img loading=\"lazy\" decoding=\"async\" width=\"768\" height=\"1024\" src=\"https:\/\/www.grundschule-welheim.de\/wp-content\/uploads\/2025\/04\/20250403_173350-768x1024.jpg\" alt=\"\" data-id=\"3406\" data-link=\"https:\/\/www.grundschule-welheim.de\/?attachment_id=3406\" class=\"wp-image-3406\" srcset=\"https:\/\/www.grundschule-welheim.de\/wp-content\/uploads\/2025\/04\/20250403_173350-768x1024.jpg 768w, https:\/\/www.grundschule-welheim.de\/wp-content\/uploads\/2025\/04\/20250403_173350-225x300.jpg 225w, https:\/\/www.grundschule-welheim.de\/wp-content\/uploads\/2025\/04\/20250403_173350-1152x1536.jpg 1152w, https:\/\/www.grundschule-welheim.de\/wp-content\/uploads\/2025\/04\/20250403_173350-1536x2048.jpg 1536w, https:\/\/www.grundschule-welheim.de\/wp-content\/uploads\/2025\/04\/20250403_173350-scaled.jpg 1920w\" sizes=\"auto, (max-width: 768px) 100vw, 768px\" \/><\/a><\/figure><\/li><li class=\"blocks-gallery-item\"><figure><a href=\"https:\/\/www.grundschule-welheim.de\/wp-content\/uploads\/2025\/04\/20250403_181723-768x1024.jpg\"><img loading=\"lazy\" decoding=\"async\" width=\"768\" height=\"1024\" src=\"https:\/\/www.grundschule-welheim.de\/wp-content\/uploads\/2025\/04\/20250403_181723-768x1024.jpg\" alt=\"\" data-id=\"3407\" data-link=\"https:\/\/www.grundschule-welheim.de\/?attachment_id=3407\" class=\"wp-image-3407\" srcset=\"https:\/\/www.grundschule-welheim.de\/wp-content\/uploads\/2025\/04\/20250403_181723-768x1024.jpg 768w, https:\/\/www.grundschule-welheim.de\/wp-content\/uploads\/2025\/04\/20250403_181723-225x300.jpg 225w, https:\/\/www.grundschule-welheim.de\/wp-content\/uploads\/2025\/04\/20250403_181723-1152x1536.jpg 1152w, https:\/\/www.grundschule-welheim.de\/wp-content\/uploads\/2025\/04\/20250403_181723-1536x2048.jpg 1536w, https:\/\/www.grundschule-welheim.de\/wp-content\/uploads\/2025\/04\/20250403_181723-scaled.jpg 1920w\" sizes=\"auto, (max-width: 768px) 100vw, 768px\" \/><\/a><\/figure><\/li><li class=\"blocks-gallery-item\"><figure><a href=\"https:\/\/www.grundschule-welheim.de\/wp-content\/uploads\/2025\/04\/20250403_191718-768x1024.jpg\"><img loading=\"lazy\" decoding=\"async\" width=\"768\" height=\"1024\" src=\"https:\/\/www.grundschule-welheim.de\/wp-content\/uploads\/2025\/04\/20250403_191718-768x1024.jpg\" alt=\"\" data-id=\"3408\" data-link=\"https:\/\/www.grundschule-welheim.de\/?attachment_id=3408\" class=\"wp-image-3408\" srcset=\"https:\/\/www.grundschule-welheim.de\/wp-content\/uploads\/2025\/04\/20250403_191718-768x1024.jpg 768w, https:\/\/www.grundschule-welheim.de\/wp-content\/uploads\/2025\/04\/20250403_191718-225x300.jpg 225w, https:\/\/www.grundschule-welheim.de\/wp-content\/uploads\/2025\/04\/20250403_191718-1152x1536.jpg 1152w, https:\/\/www.grundschule-welheim.de\/wp-content\/uploads\/2025\/04\/20250403_191718-1536x2048.jpg 1536w, https:\/\/www.grundschule-welheim.de\/wp-content\/uploads\/2025\/04\/20250403_191718-scaled.jpg 1920w\" sizes=\"auto, (max-width: 768px) 100vw, 768px\" \/><\/a><\/figure><\/li><li class=\"blocks-gallery-item\"><figure><a href=\"https:\/\/www.grundschule-welheim.de\/wp-content\/uploads\/2025\/04\/IMG-20250403-WA0021.jpg\"><img loading=\"lazy\" decoding=\"async\" width=\"1024\" height=\"461\" src=\"https:\/\/www.grundschule-welheim.de\/wp-content\/uploads\/2025\/04\/IMG-20250403-WA0021-1024x461.jpg\" alt=\"\" data-id=\"3409\" data-full-url=\"https:\/\/www.grundschule-welheim.de\/wp-content\/uploads\/2025\/04\/IMG-20250403-WA0021.jpg\" data-link=\"https:\/\/www.grundschule-welheim.de\/?attachment_id=3409\" class=\"wp-image-3409\" srcset=\"https:\/\/www.grundschule-welheim.de\/wp-content\/uploads\/2025\/04\/IMG-20250403-WA0021-1024x461.jpg 1024w, https:\/\/www.grundschule-welheim.de\/wp-content\/uploads\/2025\/04\/IMG-20250403-WA0021-300x135.jpg 300w, https:\/\/www.grundschule-welheim.de\/wp-content\/uploads\/2025\/04\/IMG-20250403-WA0021-768x346.jpg 768w, https:\/\/www.grundschule-welheim.de\/wp-content\/uploads\/2025\/04\/IMG-20250403-WA0021-1536x692.jpg 1536w, https:\/\/www.grundschule-welheim.de\/wp-content\/uploads\/2025\/04\/IMG-20250403-WA0021.jpg 2016w\" sizes=\"auto, (max-width: 1024px) 100vw, 1024px\" \/><\/a><\/figure><\/li><\/ul><\/figure>\n\n\n\n<figure class=\"wp-block-gallery columns-3 is-cropped wp-block-gallery-2 is-layout-flex wp-block-gallery-is-layout-flex\"><ul class=\"blocks-gallery-grid\"><li class=\"blocks-gallery-item\"><figure><a href=\"https:\/\/www.grundschule-welheim.de\/wp-content\/uploads\/2025\/04\/IMG-20250404-WA0019-scaled.jpg\"><img loading=\"lazy\" decoding=\"async\" width=\"1024\" height=\"768\" src=\"https:\/\/www.grundschule-welheim.de\/wp-content\/uploads\/2025\/04\/IMG-20250404-WA0019-1024x768.jpg\" alt=\"\" data-id=\"3414\" data-full-url=\"https:\/\/www.grundschule-welheim.de\/wp-content\/uploads\/2025\/04\/IMG-20250404-WA0019-scaled.jpg\" data-link=\"https:\/\/www.grundschule-welheim.de\/?attachment_id=3414\" class=\"wp-image-3414\" srcset=\"https:\/\/www.grundschule-welheim.de\/wp-content\/uploads\/2025\/04\/IMG-20250404-WA0019-1024x768.jpg 1024w, https:\/\/www.grundschule-welheim.de\/wp-content\/uploads\/2025\/04\/IMG-20250404-WA0019-300x225.jpg 300w, https:\/\/www.grundschule-welheim.de\/wp-content\/uploads\/2025\/04\/IMG-20250404-WA0019-768x576.jpg 768w, https:\/\/www.grundschule-welheim.de\/wp-content\/uploads\/2025\/04\/IMG-20250404-WA0019-1536x1152.jpg 1536w, https:\/\/www.grundschule-welheim.de\/wp-content\/uploads\/2025\/04\/IMG-20250404-WA0019-2048x1536.jpg 2048w\" sizes=\"auto, (max-width: 1024px) 100vw, 1024px\" \/><\/a><\/figure><\/li><li class=\"blocks-gallery-item\"><figure><a href=\"https:\/\/www.grundschule-welheim.de\/wp-content\/uploads\/2025\/04\/IMG-20250404-WA0021-scaled.jpg\"><img loading=\"lazy\" decoding=\"async\" width=\"1024\" height=\"768\" src=\"https:\/\/www.grundschule-welheim.de\/wp-content\/uploads\/2025\/04\/IMG-20250404-WA0021-1024x768.jpg\" alt=\"\" data-id=\"3415\" data-full-url=\"https:\/\/www.grundschule-welheim.de\/wp-content\/uploads\/2025\/04\/IMG-20250404-WA0021-scaled.jpg\" data-link=\"https:\/\/www.grundschule-welheim.de\/?attachment_id=3415\" class=\"wp-image-3415\" srcset=\"https:\/\/www.grundschule-welheim.de\/wp-content\/uploads\/2025\/04\/IMG-20250404-WA0021-1024x768.jpg 1024w, https:\/\/www.grundschule-welheim.de\/wp-content\/uploads\/2025\/04\/IMG-20250404-WA0021-300x225.jpg 300w, https:\/\/www.grundschule-welheim.de\/wp-content\/uploads\/2025\/04\/IMG-20250404-WA0021-768x576.jpg 768w, https:\/\/www.grundschule-welheim.de\/wp-content\/uploads\/2025\/04\/IMG-20250404-WA0021-1536x1152.jpg 1536w, https:\/\/www.grundschule-welheim.de\/wp-content\/uploads\/2025\/04\/IMG-20250404-WA0021-2048x1536.jpg 2048w\" sizes=\"auto, (max-width: 1024px) 100vw, 1024px\" \/><\/a><\/figure><\/li><li class=\"blocks-gallery-item\"><figure><a href=\"https:\/\/www.grundschule-welheim.de\/wp-content\/uploads\/2025\/04\/IMG-20250404-WA0023-scaled.jpg\"><img loading=\"lazy\" decoding=\"async\" width=\"1024\" height=\"768\" src=\"https:\/\/www.grundschule-welheim.de\/wp-content\/uploads\/2025\/04\/IMG-20250404-WA0023-1024x768.jpg\" alt=\"\" data-id=\"3416\" data-full-url=\"https:\/\/www.grundschule-welheim.de\/wp-content\/uploads\/2025\/04\/IMG-20250404-WA0023-scaled.jpg\" data-link=\"https:\/\/www.grundschule-welheim.de\/?attachment_id=3416\" class=\"wp-image-3416\" srcset=\"https:\/\/www.grundschule-welheim.de\/wp-content\/uploads\/2025\/04\/IMG-20250404-WA0023-1024x768.jpg 1024w, https:\/\/www.grundschule-welheim.de\/wp-content\/uploads\/2025\/04\/IMG-20250404-WA0023-300x225.jpg 300w, https:\/\/www.grundschule-welheim.de\/wp-content\/uploads\/2025\/04\/IMG-20250404-WA0023-768x576.jpg 768w, https:\/\/www.grundschule-welheim.de\/wp-content\/uploads\/2025\/04\/IMG-20250404-WA0023-1536x1152.jpg 1536w, https:\/\/www.grundschule-welheim.de\/wp-content\/uploads\/2025\/04\/IMG-20250404-WA0023-2048x1536.jpg 2048w\" sizes=\"auto, (max-width: 1024px) 100vw, 1024px\" \/><\/a><\/figure><\/li><li class=\"blocks-gallery-item\"><figure><a href=\"https:\/\/www.grundschule-welheim.de\/wp-content\/uploads\/2025\/04\/IMG-20250404-WA0025-scaled.jpg\"><img loading=\"lazy\" decoding=\"async\" width=\"1024\" height=\"768\" src=\"https:\/\/www.grundschule-welheim.de\/wp-content\/uploads\/2025\/04\/IMG-20250404-WA0025-1024x768.jpg\" alt=\"\" data-id=\"3417\" data-full-url=\"https:\/\/www.grundschule-welheim.de\/wp-content\/uploads\/2025\/04\/IMG-20250404-WA0025-scaled.jpg\" data-link=\"https:\/\/www.grundschule-welheim.de\/?attachment_id=3417\" class=\"wp-image-3417\" srcset=\"https:\/\/www.grundschule-welheim.de\/wp-content\/uploads\/2025\/04\/IMG-20250404-WA0025-1024x768.jpg 1024w, https:\/\/www.grundschule-welheim.de\/wp-content\/uploads\/2025\/04\/IMG-20250404-WA0025-300x225.jpg 300w, https:\/\/www.grundschule-welheim.de\/wp-content\/uploads\/2025\/04\/IMG-20250404-WA0025-768x576.jpg 768w, https:\/\/www.grundschule-welheim.de\/wp-content\/uploads\/2025\/04\/IMG-20250404-WA0025-1536x1152.jpg 1536w, https:\/\/www.grundschule-welheim.de\/wp-content\/uploads\/2025\/04\/IMG-20250404-WA0025-2048x1536.jpg 2048w\" sizes=\"auto, (max-width: 1024px) 100vw, 1024px\" \/><\/a><\/figure><\/li><\/ul><\/figure>\n","protected":false},"excerpt":{"rendered":"<p>Am Donnerstag, den 03.04.2025, fand unsere zweite Lesenacht an beiden Schulstandorten statt. Im Vorfeld konnten sich die Kinder freiwillig anmelden, wenn sie an diesem Abend aus ihrem Lieblingsbuch vorlesen wollten. Die Lieblingsb\u00fccher konnten in der deutschen Sprache oder in anderen &hellip; <\/p>\n","protected":false},"author":1,"featured_media":0,"parent":0,"menu_order":0,"comment_status":"closed","ping_status":"closed","template":"","meta":{"footnotes":""},"class_list":["post-3368","page","type-page","status-publish","hentry"],"_links":{"self":[{"href":"https:\/\/www.grundschule-welheim.de\/index.php?rest_route=\/wp\/v2\/pages\/3368","targetHints":{"allow":["GET"]}}],"collection":[{"href":"https:\/\/www.grundschule-welheim.de\/index.php?rest_route=\/wp\/v2\/pages"}],"about":[{"href":"https:\/\/www.grundschule-welheim.de\/index.php?rest_route=\/wp\/v2\/types\/page"}],"author":[{"embeddable":true,"href":"https:\/\/www.grundschule-welheim.de\/index.php?rest_route=\/wp\/v2\/users\/1"}],"replies":[{"embeddable":true,"href":"https:\/\/www.grundschule-welheim.de\/index.php?rest_route=%2Fwp%2Fv2%2Fcomments&post=3368"}],"version-history":[{"count":5,"href":"https:\/\/www.grundschule-welheim.de\/index.php?rest_route=\/wp\/v2\/pages\/3368\/revisions"}],"predecessor-version":[{"id":3419,"href":"https:\/\/www.grundschule-welheim.de\/index.php?rest_route=\/wp\/v2\/pages\/3368\/revisions\/3419"}],"wp:attachment":[{"href":"https:\/\/www.grundschule-welheim.de\/index.php?rest_route=%2Fwp%2Fv2%2Fmedia&parent=3368"}],"curies":[{"name":"wp","href":"https:\/\/api.w.org\/{rel}","templated":true}]}}