{"id":3196,"date":"2024-10-04T18:13:26","date_gmt":"2024-10-04T18:13:26","guid":{"rendered":"https:\/\/www.grundschule-welheim.de\/?page_id=3196"},"modified":"2025-02-28T13:01:58","modified_gmt":"2025-02-28T13:01:58","slug":"kaenguruwettbewerb","status":"publish","type":"page","link":"https:\/\/www.grundschule-welheim.de\/?page_id=3196","title":{"rendered":"K\u00e4nguruwettbewerb"},"content":{"rendered":"\n<p>Der K\u00e4nguruwettbewerb ist ein Mathematikwettbewerb, der j\u00e4hrlich stattfindet. Ziel des Wettbewerbs ist es, die Freude an der Mathematik &#8211; insbesondere an Knobelaufgaben &#8211; zu f\u00f6rdern und zum mathematischen Denken anzuregen. Teilnehmen k\u00f6nnen alle Sch\u00fcler*innen der Klassenstufe 3. <br>An einem festgelegten Termin findet der Wettbewerb in der Schule statt. Die Sch\u00fcler*innen bearbeiten dann Aufgaben mit unterschiedlichen Schwierigkeitsgraden, die Kreativit\u00e4t und logisches Denken erfordern. Ziel ist es, Spa\u00df an Mathematik zu haben und mathematische Neugier zu wecken. Alle teilnehmenden Kinder erhalten eine Urkunde.<\/p>\n","protected":false},"excerpt":{"rendered":"<p>Der K\u00e4nguruwettbewerb ist ein Mathematikwettbewerb, der j\u00e4hrlich stattfindet. Ziel des Wettbewerbs ist es, die Freude an der Mathematik &#8211; insbesondere an Knobelaufgaben &#8211; zu f\u00f6rdern und zum mathematischen Denken anzuregen. Teilnehmen k\u00f6nnen alle Sch\u00fcler*innen der Klassenstufe 3. An einem festgelegten &hellip; <\/p>\n","protected":false},"author":1,"featured_media":0,"parent":0,"menu_order":0,"comment_status":"closed","ping_status":"closed","template":"","meta":{"footnotes":""},"class_list":["post-3196","page","type-page","status-publish","hentry"],"_links":{"self":[{"href":"https:\/\/www.grundschule-welheim.de\/index.php?rest_route=\/wp\/v2\/pages\/3196","targetHints":{"allow":["GET"]}}],"collection":[{"href":"https:\/\/www.grundschule-welheim.de\/index.php?rest_route=\/wp\/v2\/pages"}],"about":[{"href":"https:\/\/www.grundschule-welheim.de\/index.php?rest_route=\/wp\/v2\/types\/page"}],"author":[{"embeddable":true,"href":"https:\/\/www.grundschule-welheim.de\/index.php?rest_route=\/wp\/v2\/users\/1"}],"replies":[{"embeddable":true,"href":"https:\/\/www.grundschule-welheim.de\/index.php?rest_route=%2Fwp%2Fv2%2Fcomments&post=3196"}],"version-history":[{"count":2,"href":"https:\/\/www.grundschule-welheim.de\/index.php?rest_route=\/wp\/v2\/pages\/3196\/revisions"}],"predecessor-version":[{"id":3365,"href":"https:\/\/www.grundschule-welheim.de\/index.php?rest_route=\/wp\/v2\/pages\/3196\/revisions\/3365"}],"wp:attachment":[{"href":"https:\/\/www.grundschule-welheim.de\/index.php?rest_route=%2Fwp%2Fv2%2Fmedia&parent=3196"}],"curies":[{"name":"wp","href":"https:\/\/api.w.org\/{rel}","templated":true}]}}