{"id":3168,"date":"2024-10-02T04:54:39","date_gmt":"2024-10-02T04:54:39","guid":{"rendered":"https:\/\/www.grundschule-welheim.de\/?page_id=3168"},"modified":"2025-02-28T12:47:01","modified_gmt":"2025-02-28T12:47:01","slug":"foerderverien","status":"publish","type":"page","link":"https:\/\/www.grundschule-welheim.de\/?page_id=3168","title":{"rendered":"F\u00f6rderverein"},"content":{"rendered":"\n<p>Der&nbsp;neu gegr\u00fcndete F\u00f6rderverein unserer Schule unterst\u00fctzt uns bei geplanten Aktivit\u00e4ten und Ausfl\u00fcgen, Projekten und Aktionen und kommt unseren Kindern zugute. Sie k\u00f6nnen unseren F\u00f6rderverein unterst\u00fctzen, indem Sie Mitglied werden und mit einem festen finanziellen Beitrag die Vorhaben und Projekte unterst\u00fctzen! Hierzu k\u00f6nnen Sie sich unsere Beitrittserkl\u00e4rung herunterladen:<\/p>\n\n\n\n<div class=\"wp-block-file\"><a href=\"https:\/\/www.grundschule-welheim.de\/wp-content\/uploads\/2025\/02\/Grundschule-Welheim_Foerderverein.pdf\">Grundschule-Welheim_Foerderverein<\/a><a href=\"https:\/\/www.grundschule-welheim.de\/wp-content\/uploads\/2025\/02\/Grundschule-Welheim_Foerderverein.pdf\" class=\"wp-block-file__button\" download>Herunterladen<\/a><\/div>\n\n\n\n<hr class=\"wp-block-separator\"\/>\n\n\n\n<p><strong>Vereinsanschrift<\/strong>:  <br>                             Grundschule Welheim<br>                             Welheimerstr. 64<br>                             46238 Bottrop<\/p>\n\n\n\n<p><strong>Vorsitzende<\/strong>: Frau Hannegret Bockholt<br><strong>stellvertretender Vorsitzender<\/strong>: Herr Holger Czeranski<\/p>\n\n\n\n<p><strong>Steuernummer<\/strong>: 308\/5832\/1526<\/p>\n","protected":false},"excerpt":{"rendered":"<p>Der&nbsp;neu gegr\u00fcndete F\u00f6rderverein unserer Schule unterst\u00fctzt uns bei geplanten Aktivit\u00e4ten und Ausfl\u00fcgen, Projekten und Aktionen und kommt unseren Kindern zugute. Sie k\u00f6nnen unseren F\u00f6rderverein unterst\u00fctzen, indem Sie Mitglied werden und mit einem festen finanziellen Beitrag die Vorhaben und Projekte unterst\u00fctzen! &hellip; <\/p>\n","protected":false},"author":1,"featured_media":0,"parent":0,"menu_order":0,"comment_status":"closed","ping_status":"closed","template":"","meta":{"footnotes":""},"class_list":["post-3168","page","type-page","status-publish","hentry"],"_links":{"self":[{"href":"https:\/\/www.grundschule-welheim.de\/index.php?rest_route=\/wp\/v2\/pages\/3168","targetHints":{"allow":["GET"]}}],"collection":[{"href":"https:\/\/www.grundschule-welheim.de\/index.php?rest_route=\/wp\/v2\/pages"}],"about":[{"href":"https:\/\/www.grundschule-welheim.de\/index.php?rest_route=\/wp\/v2\/types\/page"}],"author":[{"embeddable":true,"href":"https:\/\/www.grundschule-welheim.de\/index.php?rest_route=\/wp\/v2\/users\/1"}],"replies":[{"embeddable":true,"href":"https:\/\/www.grundschule-welheim.de\/index.php?rest_route=%2Fwp%2Fv2%2Fcomments&post=3168"}],"version-history":[{"count":6,"href":"https:\/\/www.grundschule-welheim.de\/index.php?rest_route=\/wp\/v2\/pages\/3168\/revisions"}],"predecessor-version":[{"id":3355,"href":"https:\/\/www.grundschule-welheim.de\/index.php?rest_route=\/wp\/v2\/pages\/3168\/revisions\/3355"}],"wp:attachment":[{"href":"https:\/\/www.grundschule-welheim.de\/index.php?rest_route=%2Fwp%2Fv2%2Fmedia&parent=3168"}],"curies":[{"name":"wp","href":"https:\/\/api.w.org\/{rel}","templated":true}]}}