{"id":314,"date":"2015-09-16T09:53:01","date_gmt":"2015-09-16T09:53:01","guid":{"rendered":"http:\/\/www.grundschule-welheim.de\/?page_id=314"},"modified":"2025-09-30T04:44:17","modified_gmt":"2025-09-30T04:44:17","slug":"fussball-ag","status":"publish","type":"page","link":"https:\/\/www.grundschule-welheim.de\/?page_id=314","title":{"rendered":"Fu\u00dfball AG"},"content":{"rendered":"<p>Wichtige Schwerpunkte unserer Arbeit sind neben der F\u00f6rderung von Technik, Taktik und Kondition insbesondere die Entwicklung von Teamgeist und Fairness und nat\u00fcrlich sollen unsere kleinen Fu\u00dfballerinnen und Fu\u00dfballer jede Menge Spa\u00df haben!<\/p>\n<p>Du hast Spa\u00df an Fu\u00dfball und gehst in die 3. oder 4 Klasse, dann bist du bei uns richtig.<\/p>\n","protected":false},"excerpt":{"rendered":"<p>Wichtige Schwerpunkte unserer Arbeit sind neben der F\u00f6rderung von Technik, Taktik und Kondition insbesondere die Entwicklung von Teamgeist und Fairness und nat\u00fcrlich sollen unsere kleinen Fu\u00dfballerinnen und Fu\u00dfballer jede Menge Spa\u00df haben! Du hast Spa\u00df an Fu\u00dfball und gehst in &hellip; <\/p>\n","protected":false},"author":1,"featured_media":0,"parent":0,"menu_order":0,"comment_status":"closed","ping_status":"closed","template":"","meta":{"footnotes":""},"class_list":["post-314","page","type-page","status-publish","hentry"],"_links":{"self":[{"href":"https:\/\/www.grundschule-welheim.de\/index.php?rest_route=\/wp\/v2\/pages\/314","targetHints":{"allow":["GET"]}}],"collection":[{"href":"https:\/\/www.grundschule-welheim.de\/index.php?rest_route=\/wp\/v2\/pages"}],"about":[{"href":"https:\/\/www.grundschule-welheim.de\/index.php?rest_route=\/wp\/v2\/types\/page"}],"author":[{"embeddable":true,"href":"https:\/\/www.grundschule-welheim.de\/index.php?rest_route=\/wp\/v2\/users\/1"}],"replies":[{"embeddable":true,"href":"https:\/\/www.grundschule-welheim.de\/index.php?rest_route=%2Fwp%2Fv2%2Fcomments&post=314"}],"version-history":[{"count":2,"href":"https:\/\/www.grundschule-welheim.de\/index.php?rest_route=\/wp\/v2\/pages\/314\/revisions"}],"predecessor-version":[{"id":3678,"href":"https:\/\/www.grundschule-welheim.de\/index.php?rest_route=\/wp\/v2\/pages\/314\/revisions\/3678"}],"wp:attachment":[{"href":"https:\/\/www.grundschule-welheim.de\/index.php?rest_route=%2Fwp%2Fv2%2Fmedia&parent=314"}],"curies":[{"name":"wp","href":"https:\/\/api.w.org\/{rel}","templated":true}]}}