{"id":3088,"date":"2024-06-26T03:30:11","date_gmt":"2024-06-26T03:30:11","guid":{"rendered":"https:\/\/www.grundschule-welheim.de\/?page_id=3088"},"modified":"2024-09-08T10:15:08","modified_gmt":"2024-09-08T10:15:08","slug":"tag-am-meer-juni-2024","status":"publish","type":"page","link":"https:\/\/www.grundschule-welheim.de\/?page_id=3088","title":{"rendered":"Tag am Meer, Juni 2024"},"content":{"rendered":"\n<p>F\u00fcr alle Kinder der Schule ging es am Donnerstag, den 28.06., ans Meer nach Holland.<\/p>\n\n\n\n<p>Nachdem die Busse beladen waren und alle Kinder ihren Platz gefunden hatten, ging es endlich los!<\/p>\n\n\n\n<p>In Oostkapelle angekommen, suchten wir uns ein sch\u00f6nes Pl\u00e4tzchen, auf dem wir uns alle nebeneinander ausbreiten konnten. Dann gab es erst Mal eine St\u00e4rkung: Pommes f\u00fcr alle! Die M\u00f6wen fanden unsere Pommes auch sehr interessant und unter ihnen sprach sich schnell herum, dass es bei uns gerade etwas zu Essen gibt. Also wurde z\u00fcgig gegessen, denn das Meer rief ohnehin schon laut nach uns!<\/p>\n\n\n\n<p>Bei herrlichstem Wetter konnten wir ins Meer und konnten \u00fcber die Wellen springen. Wir haben im Meer kleine Seesterne, Krebse und Quallen gesehen und nat\u00fcrlich viele sch\u00f6ne Muscheln am Strand gesammelt. Mit dem Sandspielzeug wurden Sandburgen gebaut und flei\u00dfig gebuddelt. Dann gab es noch f\u00fcr alle ein leckeres Eis. Gut gest\u00e4rkt ging es dann weiter: im Sand spielen, planschen und die sch\u00f6ne Aussicht auf das Meer genie\u00dfen.<\/p>\n\n\n\n<p>Auf der R\u00fcckfahrt nach Bottrop waren einige von uns sichtlich m\u00fcde, aber alle \u2013 egal ob Gro\u00df oder Klein \u2013 hatten ein L\u00e4cheln im Gesicht!<\/p>\n\n\n\n<p>Wir hatten eine tolle Zeit am Meer und die Kinder hatten riesigen Spa\u00df! &nbsp;Wir danken allen Unterst\u00fctzern, die uns geholfen haben, diesen au\u00dfergew\u00f6hnlichen Tag zu erm\u00f6glichen!<\/p>\n\n\n\n<figure class=\"wp-block-gallery columns-3 is-cropped wp-block-gallery-1 is-layout-flex wp-block-gallery-is-layout-flex\"><ul class=\"blocks-gallery-grid\"><li class=\"blocks-gallery-item\"><figure><a href=\"https:\/\/www.grundschule-welheim.de\/wp-content\/uploads\/2024\/07\/IMG-20240701-WA0016-1024x768.jpg\"><img loading=\"lazy\" decoding=\"async\" width=\"1024\" height=\"768\" src=\"https:\/\/www.grundschule-welheim.de\/wp-content\/uploads\/2024\/07\/IMG-20240701-WA0016-1024x768.jpg\" alt=\"\" data-id=\"3100\" data-link=\"https:\/\/www.grundschule-welheim.de\/?attachment_id=3100\" class=\"wp-image-3100\" srcset=\"https:\/\/www.grundschule-welheim.de\/wp-content\/uploads\/2024\/07\/IMG-20240701-WA0016-1024x768.jpg 1024w, https:\/\/www.grundschule-welheim.de\/wp-content\/uploads\/2024\/07\/IMG-20240701-WA0016-300x225.jpg 300w, https:\/\/www.grundschule-welheim.de\/wp-content\/uploads\/2024\/07\/IMG-20240701-WA0016-768x576.jpg 768w, https:\/\/www.grundschule-welheim.de\/wp-content\/uploads\/2024\/07\/IMG-20240701-WA0016-1536x1152.jpg 1536w, https:\/\/www.grundschule-welheim.de\/wp-content\/uploads\/2024\/07\/IMG-20240701-WA0016.jpg 1600w\" sizes=\"auto, (max-width: 1024px) 100vw, 1024px\" \/><\/a><\/figure><\/li><li class=\"blocks-gallery-item\"><figure><a href=\"https:\/\/www.grundschule-welheim.de\/wp-content\/uploads\/2024\/07\/IMG-20240701-WA0017-768x1024.jpg\"><img loading=\"lazy\" decoding=\"async\" width=\"768\" height=\"1024\" src=\"https:\/\/www.grundschule-welheim.de\/wp-content\/uploads\/2024\/07\/IMG-20240701-WA0017-768x1024.jpg\" alt=\"\" data-id=\"3101\" data-link=\"https:\/\/www.grundschule-welheim.de\/?attachment_id=3101\" class=\"wp-image-3101\" srcset=\"https:\/\/www.grundschule-welheim.de\/wp-content\/uploads\/2024\/07\/IMG-20240701-WA0017-768x1024.jpg 768w, https:\/\/www.grundschule-welheim.de\/wp-content\/uploads\/2024\/07\/IMG-20240701-WA0017-225x300.jpg 225w, https:\/\/www.grundschule-welheim.de\/wp-content\/uploads\/2024\/07\/IMG-20240701-WA0017-1152x1536.jpg 1152w, https:\/\/www.grundschule-welheim.de\/wp-content\/uploads\/2024\/07\/IMG-20240701-WA0017.jpg 1200w\" sizes=\"auto, (max-width: 768px) 100vw, 768px\" \/><\/a><\/figure><\/li><li class=\"blocks-gallery-item\"><figure><a href=\"https:\/\/www.grundschule-welheim.de\/wp-content\/uploads\/2024\/07\/IMG-20240701-WA0018-1024x768.jpg\"><img loading=\"lazy\" decoding=\"async\" width=\"1024\" height=\"768\" src=\"https:\/\/www.grundschule-welheim.de\/wp-content\/uploads\/2024\/07\/IMG-20240701-WA0018-1024x768.jpg\" alt=\"\" data-id=\"3102\" data-link=\"https:\/\/www.grundschule-welheim.de\/?attachment_id=3102\" class=\"wp-image-3102\" srcset=\"https:\/\/www.grundschule-welheim.de\/wp-content\/uploads\/2024\/07\/IMG-20240701-WA0018-1024x768.jpg 1024w, https:\/\/www.grundschule-welheim.de\/wp-content\/uploads\/2024\/07\/IMG-20240701-WA0018-300x225.jpg 300w, https:\/\/www.grundschule-welheim.de\/wp-content\/uploads\/2024\/07\/IMG-20240701-WA0018-768x576.jpg 768w, https:\/\/www.grundschule-welheim.de\/wp-content\/uploads\/2024\/07\/IMG-20240701-WA0018-1536x1152.jpg 1536w, https:\/\/www.grundschule-welheim.de\/wp-content\/uploads\/2024\/07\/IMG-20240701-WA0018.jpg 1600w\" sizes=\"auto, (max-width: 1024px) 100vw, 1024px\" \/><\/a><\/figure><\/li><li class=\"blocks-gallery-item\"><figure><a href=\"https:\/\/www.grundschule-welheim.de\/wp-content\/uploads\/2024\/07\/IMG-20240702-WA0010-768x1024.jpg\"><img loading=\"lazy\" decoding=\"async\" width=\"768\" height=\"1024\" src=\"https:\/\/www.grundschule-welheim.de\/wp-content\/uploads\/2024\/07\/IMG-20240702-WA0010-768x1024.jpg\" alt=\"\" data-id=\"3103\" data-link=\"https:\/\/www.grundschule-welheim.de\/?attachment_id=3103\" class=\"wp-image-3103\" srcset=\"https:\/\/www.grundschule-welheim.de\/wp-content\/uploads\/2024\/07\/IMG-20240702-WA0010-768x1024.jpg 768w, https:\/\/www.grundschule-welheim.de\/wp-content\/uploads\/2024\/07\/IMG-20240702-WA0010-225x300.jpg 225w, https:\/\/www.grundschule-welheim.de\/wp-content\/uploads\/2024\/07\/IMG-20240702-WA0010-1152x1536.jpg 1152w, https:\/\/www.grundschule-welheim.de\/wp-content\/uploads\/2024\/07\/IMG-20240702-WA0010.jpg 1200w\" sizes=\"auto, (max-width: 768px) 100vw, 768px\" \/><\/a><\/figure><\/li><li class=\"blocks-gallery-item\"><figure><a href=\"https:\/\/www.grundschule-welheim.de\/wp-content\/uploads\/2024\/07\/IMG-20240702-WA0011-768x1024.jpg\"><img loading=\"lazy\" decoding=\"async\" width=\"768\" height=\"1024\" src=\"https:\/\/www.grundschule-welheim.de\/wp-content\/uploads\/2024\/07\/IMG-20240702-WA0011-768x1024.jpg\" alt=\"\" data-id=\"3104\" data-link=\"https:\/\/www.grundschule-welheim.de\/?attachment_id=3104\" class=\"wp-image-3104\" srcset=\"https:\/\/www.grundschule-welheim.de\/wp-content\/uploads\/2024\/07\/IMG-20240702-WA0011-768x1024.jpg 768w, https:\/\/www.grundschule-welheim.de\/wp-content\/uploads\/2024\/07\/IMG-20240702-WA0011-225x300.jpg 225w, https:\/\/www.grundschule-welheim.de\/wp-content\/uploads\/2024\/07\/IMG-20240702-WA0011-1152x1536.jpg 1152w, https:\/\/www.grundschule-welheim.de\/wp-content\/uploads\/2024\/07\/IMG-20240702-WA0011.jpg 1200w\" sizes=\"auto, (max-width: 768px) 100vw, 768px\" \/><\/a><\/figure><\/li><li class=\"blocks-gallery-item\"><figure><a href=\"https:\/\/www.grundschule-welheim.de\/wp-content\/uploads\/2024\/07\/IMG-20240702-WA0012-768x1024.jpg\"><img loading=\"lazy\" decoding=\"async\" width=\"768\" height=\"1024\" src=\"https:\/\/www.grundschule-welheim.de\/wp-content\/uploads\/2024\/07\/IMG-20240702-WA0012-768x1024.jpg\" alt=\"\" data-id=\"3105\" data-link=\"https:\/\/www.grundschule-welheim.de\/?attachment_id=3105\" class=\"wp-image-3105\" srcset=\"https:\/\/www.grundschule-welheim.de\/wp-content\/uploads\/2024\/07\/IMG-20240702-WA0012-768x1024.jpg 768w, https:\/\/www.grundschule-welheim.de\/wp-content\/uploads\/2024\/07\/IMG-20240702-WA0012-225x300.jpg 225w, https:\/\/www.grundschule-welheim.de\/wp-content\/uploads\/2024\/07\/IMG-20240702-WA0012-1152x1536.jpg 1152w, https:\/\/www.grundschule-welheim.de\/wp-content\/uploads\/2024\/07\/IMG-20240702-WA0012.jpg 1200w\" sizes=\"auto, (max-width: 768px) 100vw, 768px\" \/><\/a><\/figure><\/li><li class=\"blocks-gallery-item\"><figure><a href=\"https:\/\/www.grundschule-welheim.de\/wp-content\/uploads\/2024\/07\/IMG-20240702-WA0014-768x1024.jpg\"><img loading=\"lazy\" decoding=\"async\" width=\"768\" height=\"1024\" src=\"https:\/\/www.grundschule-welheim.de\/wp-content\/uploads\/2024\/07\/IMG-20240702-WA0014-768x1024.jpg\" alt=\"\" data-id=\"3106\" data-link=\"https:\/\/www.grundschule-welheim.de\/?attachment_id=3106\" class=\"wp-image-3106\" srcset=\"https:\/\/www.grundschule-welheim.de\/wp-content\/uploads\/2024\/07\/IMG-20240702-WA0014-768x1024.jpg 768w, https:\/\/www.grundschule-welheim.de\/wp-content\/uploads\/2024\/07\/IMG-20240702-WA0014-225x300.jpg 225w, https:\/\/www.grundschule-welheim.de\/wp-content\/uploads\/2024\/07\/IMG-20240702-WA0014-1152x1536.jpg 1152w, https:\/\/www.grundschule-welheim.de\/wp-content\/uploads\/2024\/07\/IMG-20240702-WA0014.jpg 1200w\" sizes=\"auto, (max-width: 768px) 100vw, 768px\" \/><\/a><\/figure><\/li><li class=\"blocks-gallery-item\"><figure><a href=\"https:\/\/www.grundschule-welheim.de\/wp-content\/uploads\/2024\/07\/IMG-20240702-WA0015-768x1024.jpg\"><img loading=\"lazy\" decoding=\"async\" width=\"768\" height=\"1024\" src=\"https:\/\/www.grundschule-welheim.de\/wp-content\/uploads\/2024\/07\/IMG-20240702-WA0015-768x1024.jpg\" alt=\"\" data-id=\"3107\" data-link=\"https:\/\/www.grundschule-welheim.de\/?attachment_id=3107\" class=\"wp-image-3107\" srcset=\"https:\/\/www.grundschule-welheim.de\/wp-content\/uploads\/2024\/07\/IMG-20240702-WA0015-768x1024.jpg 768w, https:\/\/www.grundschule-welheim.de\/wp-content\/uploads\/2024\/07\/IMG-20240702-WA0015-225x300.jpg 225w, https:\/\/www.grundschule-welheim.de\/wp-content\/uploads\/2024\/07\/IMG-20240702-WA0015-1152x1536.jpg 1152w, https:\/\/www.grundschule-welheim.de\/wp-content\/uploads\/2024\/07\/IMG-20240702-WA0015.jpg 1200w\" sizes=\"auto, (max-width: 768px) 100vw, 768px\" \/><\/a><\/figure><\/li><li class=\"blocks-gallery-item\"><figure><a href=\"https:\/\/www.grundschule-welheim.de\/wp-content\/uploads\/2024\/07\/IMG-20240702-WA0016-768x1024.jpg\"><img loading=\"lazy\" decoding=\"async\" width=\"768\" height=\"1024\" src=\"https:\/\/www.grundschule-welheim.de\/wp-content\/uploads\/2024\/07\/IMG-20240702-WA0016-768x1024.jpg\" alt=\"\" data-id=\"3108\" data-link=\"https:\/\/www.grundschule-welheim.de\/?attachment_id=3108\" class=\"wp-image-3108\" srcset=\"https:\/\/www.grundschule-welheim.de\/wp-content\/uploads\/2024\/07\/IMG-20240702-WA0016-768x1024.jpg 768w, https:\/\/www.grundschule-welheim.de\/wp-content\/uploads\/2024\/07\/IMG-20240702-WA0016-225x300.jpg 225w, https:\/\/www.grundschule-welheim.de\/wp-content\/uploads\/2024\/07\/IMG-20240702-WA0016-1152x1536.jpg 1152w, https:\/\/www.grundschule-welheim.de\/wp-content\/uploads\/2024\/07\/IMG-20240702-WA0016.jpg 1200w\" sizes=\"auto, (max-width: 768px) 100vw, 768px\" \/><\/a><\/figure><\/li><li class=\"blocks-gallery-item\"><figure><a href=\"https:\/\/www.grundschule-welheim.de\/wp-content\/uploads\/2024\/07\/IMG-20240702-WA0017-1024x768.jpg\"><img loading=\"lazy\" decoding=\"async\" width=\"1024\" height=\"768\" src=\"https:\/\/www.grundschule-welheim.de\/wp-content\/uploads\/2024\/07\/IMG-20240702-WA0017-1024x768.jpg\" alt=\"\" data-id=\"3109\" data-link=\"https:\/\/www.grundschule-welheim.de\/?attachment_id=3109\" class=\"wp-image-3109\" srcset=\"https:\/\/www.grundschule-welheim.de\/wp-content\/uploads\/2024\/07\/IMG-20240702-WA0017-1024x768.jpg 1024w, https:\/\/www.grundschule-welheim.de\/wp-content\/uploads\/2024\/07\/IMG-20240702-WA0017-300x225.jpg 300w, https:\/\/www.grundschule-welheim.de\/wp-content\/uploads\/2024\/07\/IMG-20240702-WA0017-768x576.jpg 768w, https:\/\/www.grundschule-welheim.de\/wp-content\/uploads\/2024\/07\/IMG-20240702-WA0017-1536x1152.jpg 1536w, https:\/\/www.grundschule-welheim.de\/wp-content\/uploads\/2024\/07\/IMG-20240702-WA0017.jpg 1600w\" sizes=\"auto, (max-width: 1024px) 100vw, 1024px\" \/><\/a><\/figure><\/li><li class=\"blocks-gallery-item\"><figure><a href=\"https:\/\/www.grundschule-welheim.de\/wp-content\/uploads\/2024\/07\/IMG-20240702-WA0018-768x1024.jpg\"><img loading=\"lazy\" decoding=\"async\" width=\"768\" height=\"1024\" src=\"https:\/\/www.grundschule-welheim.de\/wp-content\/uploads\/2024\/07\/IMG-20240702-WA0018-768x1024.jpg\" alt=\"\" data-id=\"3110\" data-link=\"https:\/\/www.grundschule-welheim.de\/?attachment_id=3110\" class=\"wp-image-3110\" srcset=\"https:\/\/www.grundschule-welheim.de\/wp-content\/uploads\/2024\/07\/IMG-20240702-WA0018-768x1024.jpg 768w, https:\/\/www.grundschule-welheim.de\/wp-content\/uploads\/2024\/07\/IMG-20240702-WA0018-225x300.jpg 225w, https:\/\/www.grundschule-welheim.de\/wp-content\/uploads\/2024\/07\/IMG-20240702-WA0018-1152x1536.jpg 1152w, https:\/\/www.grundschule-welheim.de\/wp-content\/uploads\/2024\/07\/IMG-20240702-WA0018.jpg 1200w\" sizes=\"auto, (max-width: 768px) 100vw, 768px\" \/><\/a><\/figure><\/li><li class=\"blocks-gallery-item\"><figure><a href=\"https:\/\/www.grundschule-welheim.de\/wp-content\/uploads\/2024\/07\/IMG-20240702-WA0024-768x1024.jpg\"><img loading=\"lazy\" decoding=\"async\" width=\"768\" height=\"1024\" src=\"https:\/\/www.grundschule-welheim.de\/wp-content\/uploads\/2024\/07\/IMG-20240702-WA0024-768x1024.jpg\" alt=\"\" data-id=\"3111\" data-link=\"https:\/\/www.grundschule-welheim.de\/?attachment_id=3111\" class=\"wp-image-3111\" srcset=\"https:\/\/www.grundschule-welheim.de\/wp-content\/uploads\/2024\/07\/IMG-20240702-WA0024-768x1024.jpg 768w, https:\/\/www.grundschule-welheim.de\/wp-content\/uploads\/2024\/07\/IMG-20240702-WA0024-225x300.jpg 225w, https:\/\/www.grundschule-welheim.de\/wp-content\/uploads\/2024\/07\/IMG-20240702-WA0024-1152x1536.jpg 1152w, https:\/\/www.grundschule-welheim.de\/wp-content\/uploads\/2024\/07\/IMG-20240702-WA0024.jpg 1536w\" sizes=\"auto, (max-width: 768px) 100vw, 768px\" \/><\/a><\/figure><\/li><li class=\"blocks-gallery-item\"><figure><a href=\"https:\/\/www.grundschule-welheim.de\/wp-content\/uploads\/2024\/07\/IMG-20240702-WA0025-771x1024.jpg\"><img loading=\"lazy\" decoding=\"async\" width=\"771\" height=\"1024\" src=\"https:\/\/www.grundschule-welheim.de\/wp-content\/uploads\/2024\/07\/IMG-20240702-WA0025-771x1024.jpg\" alt=\"\" data-id=\"3112\" data-link=\"https:\/\/www.grundschule-welheim.de\/?attachment_id=3112\" class=\"wp-image-3112\" srcset=\"https:\/\/www.grundschule-welheim.de\/wp-content\/uploads\/2024\/07\/IMG-20240702-WA0025-771x1024.jpg 771w, https:\/\/www.grundschule-welheim.de\/wp-content\/uploads\/2024\/07\/IMG-20240702-WA0025-226x300.jpg 226w, https:\/\/www.grundschule-welheim.de\/wp-content\/uploads\/2024\/07\/IMG-20240702-WA0025-768x1020.jpg 768w, https:\/\/www.grundschule-welheim.de\/wp-content\/uploads\/2024\/07\/IMG-20240702-WA0025-1157x1536.jpg 1157w, https:\/\/www.grundschule-welheim.de\/wp-content\/uploads\/2024\/07\/IMG-20240702-WA0025.jpg 1536w\" sizes=\"auto, (max-width: 771px) 100vw, 771px\" \/><\/a><\/figure><\/li><li class=\"blocks-gallery-item\"><figure><a href=\"https:\/\/www.grundschule-welheim.de\/wp-content\/uploads\/2024\/07\/IMG-20240702-WA0026-771x1024.jpg\"><img loading=\"lazy\" decoding=\"async\" width=\"771\" height=\"1024\" src=\"https:\/\/www.grundschule-welheim.de\/wp-content\/uploads\/2024\/07\/IMG-20240702-WA0026-771x1024.jpg\" alt=\"\" data-id=\"3113\" data-link=\"https:\/\/www.grundschule-welheim.de\/?attachment_id=3113\" class=\"wp-image-3113\" srcset=\"https:\/\/www.grundschule-welheim.de\/wp-content\/uploads\/2024\/07\/IMG-20240702-WA0026-771x1024.jpg 771w, https:\/\/www.grundschule-welheim.de\/wp-content\/uploads\/2024\/07\/IMG-20240702-WA0026-226x300.jpg 226w, https:\/\/www.grundschule-welheim.de\/wp-content\/uploads\/2024\/07\/IMG-20240702-WA0026-768x1020.jpg 768w, https:\/\/www.grundschule-welheim.de\/wp-content\/uploads\/2024\/07\/IMG-20240702-WA0026-1157x1536.jpg 1157w, https:\/\/www.grundschule-welheim.de\/wp-content\/uploads\/2024\/07\/IMG-20240702-WA0026.jpg 1536w\" sizes=\"auto, (max-width: 771px) 100vw, 771px\" \/><\/a><\/figure><\/li><li class=\"blocks-gallery-item\"><figure><a href=\"https:\/\/www.grundschule-welheim.de\/wp-content\/uploads\/2024\/07\/IMG-20240702-WA0027-1024x771.jpg\"><img loading=\"lazy\" decoding=\"async\" width=\"1024\" height=\"771\" src=\"https:\/\/www.grundschule-welheim.de\/wp-content\/uploads\/2024\/07\/IMG-20240702-WA0027-1024x771.jpg\" alt=\"\" data-id=\"3114\" data-link=\"https:\/\/www.grundschule-welheim.de\/?attachment_id=3114\" class=\"wp-image-3114\" srcset=\"https:\/\/www.grundschule-welheim.de\/wp-content\/uploads\/2024\/07\/IMG-20240702-WA0027-1024x771.jpg 1024w, https:\/\/www.grundschule-welheim.de\/wp-content\/uploads\/2024\/07\/IMG-20240702-WA0027-300x226.jpg 300w, https:\/\/www.grundschule-welheim.de\/wp-content\/uploads\/2024\/07\/IMG-20240702-WA0027-768x578.jpg 768w, https:\/\/www.grundschule-welheim.de\/wp-content\/uploads\/2024\/07\/IMG-20240702-WA0027-1536x1157.jpg 1536w, https:\/\/www.grundschule-welheim.de\/wp-content\/uploads\/2024\/07\/IMG-20240702-WA0027.jpg 2040w\" sizes=\"auto, (max-width: 1024px) 100vw, 1024px\" \/><\/a><\/figure><\/li><li class=\"blocks-gallery-item\"><figure><a href=\"https:\/\/www.grundschule-welheim.de\/wp-content\/uploads\/2024\/07\/IMG-20240627-WA0050.jpg\"><img loading=\"lazy\" decoding=\"async\" width=\"1024\" height=\"768\" src=\"https:\/\/www.grundschule-welheim.de\/wp-content\/uploads\/2024\/07\/IMG-20240627-WA0050-1024x768.jpg\" alt=\"\" data-id=\"3123\" data-full-url=\"https:\/\/www.grundschule-welheim.de\/wp-content\/uploads\/2024\/07\/IMG-20240627-WA0050.jpg\" data-link=\"https:\/\/www.grundschule-welheim.de\/?attachment_id=3123\" class=\"wp-image-3123\" srcset=\"https:\/\/www.grundschule-welheim.de\/wp-content\/uploads\/2024\/07\/IMG-20240627-WA0050-1024x768.jpg 1024w, https:\/\/www.grundschule-welheim.de\/wp-content\/uploads\/2024\/07\/IMG-20240627-WA0050-300x225.jpg 300w, https:\/\/www.grundschule-welheim.de\/wp-content\/uploads\/2024\/07\/IMG-20240627-WA0050-768x576.jpg 768w, https:\/\/www.grundschule-welheim.de\/wp-content\/uploads\/2024\/07\/IMG-20240627-WA0050.jpg 1288w\" sizes=\"auto, (max-width: 1024px) 100vw, 1024px\" \/><\/a><\/figure><\/li><li class=\"blocks-gallery-item\"><figure><a href=\"https:\/\/www.grundschule-welheim.de\/wp-content\/uploads\/2024\/07\/IMG-20240702-WA0032.jpg\"><img loading=\"lazy\" decoding=\"async\" width=\"1024\" height=\"768\" src=\"https:\/\/www.grundschule-welheim.de\/wp-content\/uploads\/2024\/07\/IMG-20240702-WA0032-1024x768.jpg\" alt=\"\" data-id=\"3124\" data-full-url=\"https:\/\/www.grundschule-welheim.de\/wp-content\/uploads\/2024\/07\/IMG-20240702-WA0032.jpg\" data-link=\"https:\/\/www.grundschule-welheim.de\/?attachment_id=3124\" class=\"wp-image-3124\" srcset=\"https:\/\/www.grundschule-welheim.de\/wp-content\/uploads\/2024\/07\/IMG-20240702-WA0032-1024x768.jpg 1024w, https:\/\/www.grundschule-welheim.de\/wp-content\/uploads\/2024\/07\/IMG-20240702-WA0032-300x225.jpg 300w, https:\/\/www.grundschule-welheim.de\/wp-content\/uploads\/2024\/07\/IMG-20240702-WA0032-768x576.jpg 768w, https:\/\/www.grundschule-welheim.de\/wp-content\/uploads\/2024\/07\/IMG-20240702-WA0032-1536x1152.jpg 1536w, https:\/\/www.grundschule-welheim.de\/wp-content\/uploads\/2024\/07\/IMG-20240702-WA0032.jpg 1600w\" sizes=\"auto, (max-width: 1024px) 100vw, 1024px\" \/><\/a><\/figure><\/li><li class=\"blocks-gallery-item\"><figure><a href=\"https:\/\/www.grundschule-welheim.de\/wp-content\/uploads\/2024\/07\/IMG-20240702-WA0033.jpg\"><img loading=\"lazy\" decoding=\"async\" width=\"1024\" height=\"768\" src=\"https:\/\/www.grundschule-welheim.de\/wp-content\/uploads\/2024\/07\/IMG-20240702-WA0033-1024x768.jpg\" alt=\"\" data-id=\"3125\" data-full-url=\"https:\/\/www.grundschule-welheim.de\/wp-content\/uploads\/2024\/07\/IMG-20240702-WA0033.jpg\" data-link=\"https:\/\/www.grundschule-welheim.de\/?attachment_id=3125\" class=\"wp-image-3125\" srcset=\"https:\/\/www.grundschule-welheim.de\/wp-content\/uploads\/2024\/07\/IMG-20240702-WA0033-1024x768.jpg 1024w, https:\/\/www.grundschule-welheim.de\/wp-content\/uploads\/2024\/07\/IMG-20240702-WA0033-300x225.jpg 300w, https:\/\/www.grundschule-welheim.de\/wp-content\/uploads\/2024\/07\/IMG-20240702-WA0033-768x576.jpg 768w, https:\/\/www.grundschule-welheim.de\/wp-content\/uploads\/2024\/07\/IMG-20240702-WA0033-1536x1152.jpg 1536w, https:\/\/www.grundschule-welheim.de\/wp-content\/uploads\/2024\/07\/IMG-20240702-WA0033.jpg 1600w\" sizes=\"auto, (max-width: 1024px) 100vw, 1024px\" \/><\/a><\/figure><\/li><li class=\"blocks-gallery-item\"><figure><a href=\"https:\/\/www.grundschule-welheim.de\/wp-content\/uploads\/2024\/07\/IMG-20240702-WA0036.jpg\"><img loading=\"lazy\" decoding=\"async\" width=\"768\" height=\"1024\" src=\"https:\/\/www.grundschule-welheim.de\/wp-content\/uploads\/2024\/07\/IMG-20240702-WA0036-768x1024.jpg\" alt=\"\" data-id=\"3126\" data-full-url=\"https:\/\/www.grundschule-welheim.de\/wp-content\/uploads\/2024\/07\/IMG-20240702-WA0036.jpg\" data-link=\"https:\/\/www.grundschule-welheim.de\/?attachment_id=3126\" class=\"wp-image-3126\" srcset=\"https:\/\/www.grundschule-welheim.de\/wp-content\/uploads\/2024\/07\/IMG-20240702-WA0036-768x1024.jpg 768w, https:\/\/www.grundschule-welheim.de\/wp-content\/uploads\/2024\/07\/IMG-20240702-WA0036-225x300.jpg 225w, https:\/\/www.grundschule-welheim.de\/wp-content\/uploads\/2024\/07\/IMG-20240702-WA0036-1152x1536.jpg 1152w, https:\/\/www.grundschule-welheim.de\/wp-content\/uploads\/2024\/07\/IMG-20240702-WA0036.jpg 1500w\" sizes=\"auto, (max-width: 768px) 100vw, 768px\" \/><\/a><\/figure><\/li><li class=\"blocks-gallery-item\"><figure><a href=\"https:\/\/www.grundschule-welheim.de\/wp-content\/uploads\/2024\/07\/IMG-20240702-WA0037.jpg\"><img loading=\"lazy\" decoding=\"async\" width=\"768\" height=\"1024\" src=\"https:\/\/www.grundschule-welheim.de\/wp-content\/uploads\/2024\/07\/IMG-20240702-WA0037-768x1024.jpg\" alt=\"\" data-id=\"3127\" data-full-url=\"https:\/\/www.grundschule-welheim.de\/wp-content\/uploads\/2024\/07\/IMG-20240702-WA0037.jpg\" data-link=\"https:\/\/www.grundschule-welheim.de\/?attachment_id=3127\" class=\"wp-image-3127\" srcset=\"https:\/\/www.grundschule-welheim.de\/wp-content\/uploads\/2024\/07\/IMG-20240702-WA0037-768x1024.jpg 768w, https:\/\/www.grundschule-welheim.de\/wp-content\/uploads\/2024\/07\/IMG-20240702-WA0037-225x300.jpg 225w, https:\/\/www.grundschule-welheim.de\/wp-content\/uploads\/2024\/07\/IMG-20240702-WA0037-1152x1536.jpg 1152w, https:\/\/www.grundschule-welheim.de\/wp-content\/uploads\/2024\/07\/IMG-20240702-WA0037.jpg 1536w\" sizes=\"auto, (max-width: 768px) 100vw, 768px\" \/><\/a><\/figure><\/li><li class=\"blocks-gallery-item\"><figure><a href=\"https:\/\/www.grundschule-welheim.de\/wp-content\/uploads\/2024\/07\/IMG-20240702-WA0038.jpg\"><img loading=\"lazy\" decoding=\"async\" width=\"768\" height=\"1024\" src=\"https:\/\/www.grundschule-welheim.de\/wp-content\/uploads\/2024\/07\/IMG-20240702-WA0038-768x1024.jpg\" alt=\"\" data-id=\"3128\" data-full-url=\"https:\/\/www.grundschule-welheim.de\/wp-content\/uploads\/2024\/07\/IMG-20240702-WA0038.jpg\" data-link=\"https:\/\/www.grundschule-welheim.de\/?attachment_id=3128\" class=\"wp-image-3128\" srcset=\"https:\/\/www.grundschule-welheim.de\/wp-content\/uploads\/2024\/07\/IMG-20240702-WA0038-768x1024.jpg 768w, https:\/\/www.grundschule-welheim.de\/wp-content\/uploads\/2024\/07\/IMG-20240702-WA0038-225x300.jpg 225w, https:\/\/www.grundschule-welheim.de\/wp-content\/uploads\/2024\/07\/IMG-20240702-WA0038-1152x1536.jpg 1152w, https:\/\/www.grundschule-welheim.de\/wp-content\/uploads\/2024\/07\/IMG-20240702-WA0038.jpg 1500w\" sizes=\"auto, (max-width: 768px) 100vw, 768px\" \/><\/a><\/figure><\/li><\/ul><\/figure>\n","protected":false},"excerpt":{"rendered":"<p>F\u00fcr alle Kinder der Schule ging es am Donnerstag, den 28.06., ans Meer nach Holland. Nachdem die Busse beladen waren und alle Kinder ihren Platz gefunden hatten, ging es endlich los! In Oostkapelle angekommen, suchten wir uns ein sch\u00f6nes Pl\u00e4tzchen, &hellip; <\/p>\n","protected":false},"author":1,"featured_media":0,"parent":0,"menu_order":0,"comment_status":"closed","ping_status":"closed","template":"","meta":{"footnotes":""},"class_list":["post-3088","page","type-page","status-publish","hentry"],"_links":{"self":[{"href":"https:\/\/www.grundschule-welheim.de\/index.php?rest_route=\/wp\/v2\/pages\/3088","targetHints":{"allow":["GET"]}}],"collection":[{"href":"https:\/\/www.grundschule-welheim.de\/index.php?rest_route=\/wp\/v2\/pages"}],"about":[{"href":"https:\/\/www.grundschule-welheim.de\/index.php?rest_route=\/wp\/v2\/types\/page"}],"author":[{"embeddable":true,"href":"https:\/\/www.grundschule-welheim.de\/index.php?rest_route=\/wp\/v2\/users\/1"}],"replies":[{"embeddable":true,"href":"https:\/\/www.grundschule-welheim.de\/index.php?rest_route=%2Fwp%2Fv2%2Fcomments&post=3088"}],"version-history":[{"count":5,"href":"https:\/\/www.grundschule-welheim.de\/index.php?rest_route=\/wp\/v2\/pages\/3088\/revisions"}],"predecessor-version":[{"id":3160,"href":"https:\/\/www.grundschule-welheim.de\/index.php?rest_route=\/wp\/v2\/pages\/3088\/revisions\/3160"}],"wp:attachment":[{"href":"https:\/\/www.grundschule-welheim.de\/index.php?rest_route=%2Fwp%2Fv2%2Fmedia&parent=3088"}],"curies":[{"name":"wp","href":"https:\/\/api.w.org\/{rel}","templated":true}]}}