{"id":2659,"date":"2024-01-16T20:24:10","date_gmt":"2024-01-16T20:24:10","guid":{"rendered":"https:\/\/www.grundschule-welheim.de\/?page_id=2659"},"modified":"2024-01-26T12:22:17","modified_gmt":"2024-01-26T12:22:17","slug":"schule-mit-schwung","status":"publish","type":"page","link":"https:\/\/www.grundschule-welheim.de\/?page_id=2659","title":{"rendered":"Schule mit Schwung"},"content":{"rendered":"\n<p>Ein bereichernder Fortbildungstag mit Frau Dr. Sabine Kubesch mit dem Themenschwerpunkt &#8222;F\u00f6rderung der exekutiven Funktionen&#8220;.<\/p>\n\n\n\n<div class=\"wp-block-image\"><figure class=\"aligncenter size-large is-resized\"><a href=\"https:\/\/www.grundschule-welheim.de\/wp-content\/uploads\/2024\/01\/IMG-20240126-WA0006-1.jpg\"><img loading=\"lazy\" decoding=\"async\" src=\"https:\/\/www.grundschule-welheim.de\/wp-content\/uploads\/2024\/01\/IMG-20240126-WA0006-1-1024x768.jpg\" alt=\"\" class=\"wp-image-2718\" width=\"600\" height=\"450\" srcset=\"https:\/\/www.grundschule-welheim.de\/wp-content\/uploads\/2024\/01\/IMG-20240126-WA0006-1-1024x768.jpg 1024w, https:\/\/www.grundschule-welheim.de\/wp-content\/uploads\/2024\/01\/IMG-20240126-WA0006-1-300x225.jpg 300w, https:\/\/www.grundschule-welheim.de\/wp-content\/uploads\/2024\/01\/IMG-20240126-WA0006-1-768x576.jpg 768w, https:\/\/www.grundschule-welheim.de\/wp-content\/uploads\/2024\/01\/IMG-20240126-WA0006-1-1536x1152.jpg 1536w, https:\/\/www.grundschule-welheim.de\/wp-content\/uploads\/2024\/01\/IMG-20240126-WA0006-1.jpg 2048w\" sizes=\"auto, (max-width: 600px) 100vw, 600px\" \/><\/a><\/figure><\/div>\n\n\n\n<hr class=\"wp-block-separator\"\/>\n\n\n\n<div class=\"wp-block-columns is-layout-flex wp-container-core-columns-is-layout-9d6595d7 wp-block-columns-is-layout-flex\">\n<div class=\"wp-block-column is-layout-flow wp-block-column-is-layout-flow\" style=\"flex-basis:100%\">\n<figure class=\"wp-block-gallery columns-2 is-cropped wp-block-gallery-1 is-layout-flex wp-block-gallery-is-layout-flex\"><ul class=\"blocks-gallery-grid\"><li class=\"blocks-gallery-item\"><figure><a href=\"https:\/\/www.grundschule-welheim.de\/wp-content\/uploads\/2024\/01\/IMG-20240126-WA0007-1024x495.jpg\"><img loading=\"lazy\" decoding=\"async\" width=\"1024\" height=\"495\" src=\"https:\/\/www.grundschule-welheim.de\/wp-content\/uploads\/2024\/01\/IMG-20240126-WA0007-1024x495.jpg\" alt=\"\" data-id=\"2721\" data-link=\"https:\/\/www.grundschule-welheim.de\/?attachment_id=2721\" class=\"wp-image-2721\" srcset=\"https:\/\/www.grundschule-welheim.de\/wp-content\/uploads\/2024\/01\/IMG-20240126-WA0007-1024x495.jpg 1024w, https:\/\/www.grundschule-welheim.de\/wp-content\/uploads\/2024\/01\/IMG-20240126-WA0007-300x145.jpg 300w, https:\/\/www.grundschule-welheim.de\/wp-content\/uploads\/2024\/01\/IMG-20240126-WA0007-768x371.jpg 768w, https:\/\/www.grundschule-welheim.de\/wp-content\/uploads\/2024\/01\/IMG-20240126-WA0007-1536x743.jpg 1536w, https:\/\/www.grundschule-welheim.de\/wp-content\/uploads\/2024\/01\/IMG-20240126-WA0007.jpg 2048w\" sizes=\"auto, (max-width: 1024px) 100vw, 1024px\" \/><\/a><\/figure><\/li><li class=\"blocks-gallery-item\"><figure><a href=\"https:\/\/www.grundschule-welheim.de\/wp-content\/uploads\/2024\/01\/IMG-20240126-WA0008.jpg\"><img loading=\"lazy\" decoding=\"async\" width=\"1024\" height=\"695\" src=\"https:\/\/www.grundschule-welheim.de\/wp-content\/uploads\/2024\/01\/IMG-20240126-WA0008-1024x695.jpg\" alt=\"\" data-id=\"2722\" data-full-url=\"https:\/\/www.grundschule-welheim.de\/wp-content\/uploads\/2024\/01\/IMG-20240126-WA0008.jpg\" data-link=\"https:\/\/www.grundschule-welheim.de\/?attachment_id=2722\" class=\"wp-image-2722\" srcset=\"https:\/\/www.grundschule-welheim.de\/wp-content\/uploads\/2024\/01\/IMG-20240126-WA0008-1024x695.jpg 1024w, https:\/\/www.grundschule-welheim.de\/wp-content\/uploads\/2024\/01\/IMG-20240126-WA0008-300x204.jpg 300w, https:\/\/www.grundschule-welheim.de\/wp-content\/uploads\/2024\/01\/IMG-20240126-WA0008-768x521.jpg 768w, https:\/\/www.grundschule-welheim.de\/wp-content\/uploads\/2024\/01\/IMG-20240126-WA0008-1536x1043.jpg 1536w, https:\/\/www.grundschule-welheim.de\/wp-content\/uploads\/2024\/01\/IMG-20240126-WA0008.jpg 2048w\" sizes=\"auto, (max-width: 1024px) 100vw, 1024px\" \/><\/a><figcaption class=\"blocks-gallery-item__caption\"><strong><span class=\"has-inline-color has-white-color\">Angst, Wut oder Traurigkeit mitnehmen und sich gemeinsam neuen Herausforderungen stellen.<\/span><\/strong><\/figcaption><\/figure><\/li><\/ul><\/figure>\n<\/div>\n<\/div>\n\n\n\n<hr class=\"wp-block-separator\"\/>\n\n\n\n<p><a href=\"https:\/\/www.deutschlandfunk.de\/campus-und-karriere-sport-fuer-s-gehirn-dlf-18286053-100.html\"><\/a><\/p>\n\n\n\n<figure class=\"wp-block-image size-large\"><a href=\"https:\/\/www.grundschule-welheim.de\/wp-content\/uploads\/2024\/01\/image-1.png\"><img loading=\"lazy\" decoding=\"async\" width=\"887\" height=\"165\" src=\"https:\/\/www.grundschule-welheim.de\/wp-content\/uploads\/2024\/01\/image-1.png\" alt=\"\" class=\"wp-image-2730\" srcset=\"https:\/\/www.grundschule-welheim.de\/wp-content\/uploads\/2024\/01\/image-1.png 887w, https:\/\/www.grundschule-welheim.de\/wp-content\/uploads\/2024\/01\/image-1-300x56.png 300w, https:\/\/www.grundschule-welheim.de\/wp-content\/uploads\/2024\/01\/image-1-768x143.png 768w\" sizes=\"auto, (max-width: 887px) 100vw, 887px\" \/><\/a><\/figure>\n\n\n\n<p>Unsere Schule wurde als eine von ca. 36 Schulen in NRW ausgew\u00e4hlt, um am Pilotprojekt \u201eSchule mit Schwung\u201c teilzunehmen.<\/p>\n\n\n\n<p>Die Idee dieses Projekts besteht darin, Sch\u00fclerinnen und Sch\u00fcler durch gezielte Bewegungs- und Reflexionsangebote in ihren exekutiven Funktionen zu f\u00f6rdern.<br>In der Gehirnforschung bezeichnet man die \u201eexekutive Funktionen\u201c als geistige F\u00e4higkeiten, die das menschliche Denken und Handeln steuern. Gut ausgebildete exekutive Funktionen sind die Basis f\u00fcr das schulische Lernen. Sie tragen entscheidend dazu bei, die eigenen geistigen Potentiale und die eigene Lernleistung voll entfalten zu k\u00f6nnen sowie das eigene Verhalten und Gef\u00fchle selbst regulieren zu k\u00f6nnen.<br>&nbsp;&nbsp;&nbsp;&nbsp;&nbsp;&nbsp;&nbsp;&nbsp;&nbsp;&nbsp;&nbsp;&nbsp;&nbsp;&nbsp;&nbsp;&nbsp;&nbsp;&nbsp;&nbsp;&nbsp;&nbsp;&nbsp;&nbsp;&nbsp;&nbsp;&nbsp;&nbsp;&nbsp;&nbsp;&nbsp;&nbsp;&nbsp;&nbsp;&nbsp;&nbsp;&nbsp;&nbsp;&nbsp;&nbsp;&nbsp;&nbsp;&nbsp;&nbsp;&nbsp;&nbsp;&nbsp;&nbsp;&nbsp;&nbsp;&nbsp;&nbsp;&nbsp;&nbsp;&nbsp;&nbsp;&nbsp;&nbsp;&nbsp;&nbsp;&nbsp;&nbsp;&nbsp;&nbsp;&nbsp;&nbsp;&nbsp;&nbsp;&nbsp;&nbsp; &nbsp;&nbsp;&nbsp;&nbsp;&nbsp;&nbsp;&nbsp;&nbsp;&nbsp;&nbsp;&nbsp;&nbsp;&nbsp;&nbsp;&nbsp;&nbsp;&nbsp;&nbsp;&nbsp;&nbsp;(Vgl.: www.znl-fex.de)<\/p>\n\n\n\n<p>Folgende F\u00e4higkeiten z\u00e4hlen dazu:<\/p>\n\n\n\n<ul class=\"wp-block-list\"><li><strong>Das Arbeitsged\u00e4chtnis<br><\/strong>Das Arbeitsged\u00e4chtnis kann mit einem Notizblock im Kopf verglichen werden. Es dient der Speicherung und Verarbeitung von Informationen.<\/li><\/ul>\n\n\n\n<ul class=\"wp-block-list\"><li><strong>Die Inhibition<br><\/strong>Die Inhibition kann mit einem inneren Stoppschild verglichen werden. Sie hilft einerseits dabei, unangemessenes Verhalten zu unterdr\u00fccken und andererseits sich trotz bestehender Impulse nicht ablenken zu lassen.<\/li><\/ul>\n\n\n\n<ul class=\"wp-block-list\"><li><strong>Die kognitive Flexibilit\u00e4t<\/strong><br>Eine gut ausgebildete kognitive Flexibilit\u00e4t erm\u00f6glicht es, sich auf neue Anforderungen schnell einstellen zu k\u00f6nnen. Sie hilft, offen zu sein f\u00fcr die Argumente anderer, aus Fehlern zu lernen und sich auf neue Lebenssituationen und Arbeitsanforderungen einzustellen.<\/li><\/ul>\n\n\n\n<p>W\u00e4hrend des Projekts werden Lehrkr\u00e4fte und p\u00e4dagogische Mitarbeiter*innen aus- und fortgebildet, um f\u00fcr die eigene Schule ein Schulprofil zu entwickeln und Bewegungs- und Reflexionsangebote umsetzen zu k\u00f6nnen. Dies bezieht sich nicht nur auf den Sportunterricht, vielmehr soll die F\u00f6rderung der exekutiven Funktionen und somit die Bewegung und Achtsamkeitsschulung in alle F\u00e4cher Einzug finden.&nbsp;<br><br>F\u00fcr Interessierte:<\/p>\n\n\n\n<p><br>Interview mit Frau Dr. S. Kubesch zum Thema &#8222;Selbstregulation und Selbstregulationsf\u00f6rderung f\u00e4ngt fr\u00fch an.&#8220;&nbsp;<\/p>\n\n\n\n<figure class=\"wp-block-embed is-type-video is-provider-youtube wp-block-embed-youtube wp-embed-aspect-16-9 wp-has-aspect-ratio\"><div class=\"wp-block-embed__wrapper\">\n<iframe loading=\"lazy\" title=\"Selbstregulation und Selbstregulationsf\u00f6rderungen f\u00e4ngt fr\u00fch an | \u200b\u200bDr. Sabine Kubesch | QS24\" width=\"832\" height=\"468\" src=\"https:\/\/www.youtube.com\/embed\/ML7O9gfQ99U?feature=oembed\" frameborder=\"0\" allow=\"accelerometer; autoplay; clipboard-write; encrypted-media; gyroscope; picture-in-picture; web-share\" allowfullscreen><\/iframe>\n<\/div><\/figure>\n\n\n\n<p><br>Interview mit Frau Dr. S. Kubesch zum Thema &#8222;Das \u00fcberforderte Kind&#8220;:&nbsp;<\/p>\n\n\n\n<figure class=\"wp-block-embed is-type-video is-provider-youtube wp-block-embed-youtube wp-embed-aspect-16-9 wp-has-aspect-ratio\"><div class=\"wp-block-embed__wrapper\">\n<iframe loading=\"lazy\" title=\"Das \u00fcberforderte Kind | \u200b\u200bDr. Sabine Kubesch | Naturmedizin | QS24 Gesundheitsfernsehen\" width=\"832\" height=\"468\" src=\"https:\/\/www.youtube.com\/embed\/e0Oodica67o?feature=oembed\" frameborder=\"0\" allow=\"accelerometer; autoplay; clipboard-write; encrypted-media; gyroscope; picture-in-picture; web-share\" allowfullscreen><\/iframe>\n<\/div><\/figure>\n","protected":false},"excerpt":{"rendered":"<p>Ein bereichernder Fortbildungstag mit Frau Dr. Sabine Kubesch mit dem Themenschwerpunkt &#8222;F\u00f6rderung der exekutiven Funktionen&#8220;. Unsere Schule wurde als eine von ca. 36 Schulen in NRW ausgew\u00e4hlt, um am Pilotprojekt \u201eSchule mit Schwung\u201c teilzunehmen. Die Idee dieses Projekts besteht darin, &hellip; <\/p>\n","protected":false},"author":1,"featured_media":0,"parent":0,"menu_order":0,"comment_status":"closed","ping_status":"closed","template":"","meta":{"footnotes":""},"class_list":["post-2659","page","type-page","status-publish","hentry"],"_links":{"self":[{"href":"https:\/\/www.grundschule-welheim.de\/index.php?rest_route=\/wp\/v2\/pages\/2659","targetHints":{"allow":["GET"]}}],"collection":[{"href":"https:\/\/www.grundschule-welheim.de\/index.php?rest_route=\/wp\/v2\/pages"}],"about":[{"href":"https:\/\/www.grundschule-welheim.de\/index.php?rest_route=\/wp\/v2\/types\/page"}],"author":[{"embeddable":true,"href":"https:\/\/www.grundschule-welheim.de\/index.php?rest_route=\/wp\/v2\/users\/1"}],"replies":[{"embeddable":true,"href":"https:\/\/www.grundschule-welheim.de\/index.php?rest_route=%2Fwp%2Fv2%2Fcomments&post=2659"}],"version-history":[{"count":4,"href":"https:\/\/www.grundschule-welheim.de\/index.php?rest_route=\/wp\/v2\/pages\/2659\/revisions"}],"predecessor-version":[{"id":2733,"href":"https:\/\/www.grundschule-welheim.de\/index.php?rest_route=\/wp\/v2\/pages\/2659\/revisions\/2733"}],"wp:attachment":[{"href":"https:\/\/www.grundschule-welheim.de\/index.php?rest_route=%2Fwp%2Fv2%2Fmedia&parent=2659"}],"curies":[{"name":"wp","href":"https:\/\/api.w.org\/{rel}","templated":true}]}}