{"id":2515,"date":"2023-08-17T07:37:33","date_gmt":"2023-08-17T07:37:33","guid":{"rendered":"http:\/\/www.grundschule-welheim.de\/?page_id=2515"},"modified":"2025-12-05T04:07:21","modified_gmt":"2025-12-05T04:07:21","slug":"schulsozialarbeit","status":"publish","type":"page","link":"https:\/\/www.grundschule-welheim.de\/?page_id=2515","title":{"rendered":"Schulsozialarbeit"},"content":{"rendered":"\n<p>Sehr geehrte Eltern und Erziehungsberechtigte,<br><\/p>\n\n\n\n<p>mein Name ist Michelle Heinz und ich bin als Schulsozialarbeiterin an der Grundschule Welheim als Vertretung f\u00fcr Melissa Giotis t\u00e4tig.<br>Als neutrale Person stehe ich nicht nur den Kindern, sondern auch den Eltern und Lehrkr\u00e4ften als vertrauensvolle Ansprechpartnerin zur Verf\u00fcgung. Ich biete bei Fragen, Schwierigkeiten und Sorgen in schulischen und pers\u00f6nlichen Angelegenheiten meine Unterst\u00fctzung an.<\/p>\n\n\n\n<p><br>Sie k\u00f6nnen mich folgenderma\u00dfen erreichen:<br>Sprechzeiten:<br>Montag von 8:00 h bis 11:00 h<br>Mittwoch und Donnerstag von 8:00 h bis 15:30 h<br>Diensthandynummer: 0163-6655647<br>Email: michelle-sophie.heinz@ev-kirche-bottrop.de<\/p>\n\n\n\n<p>Ich freue mich Sie und Ihre Kinder kennenzulernen!<\/p>\n\n\n\n<p><strong>Mit freundlichen Gr\u00fc\u00dfen<\/strong><\/p>\n\n\n\n<p><strong>Michelle Heinz<\/strong><\/p>\n\n\n\n<p><br><\/p>\n","protected":false},"excerpt":{"rendered":"<p>Sehr geehrte Eltern und Erziehungsberechtigte, mein Name ist Michelle Heinz und ich bin als Schulsozialarbeiterin an der Grundschule Welheim als Vertretung f\u00fcr Melissa Giotis t\u00e4tig.Als neutrale Person stehe ich nicht nur den Kindern, sondern auch den Eltern und Lehrkr\u00e4ften als &hellip; <\/p>\n","protected":false},"author":1,"featured_media":0,"parent":0,"menu_order":0,"comment_status":"closed","ping_status":"closed","template":"","meta":{"footnotes":""},"class_list":["post-2515","page","type-page","status-publish","hentry"],"_links":{"self":[{"href":"https:\/\/www.grundschule-welheim.de\/index.php?rest_route=\/wp\/v2\/pages\/2515","targetHints":{"allow":["GET"]}}],"collection":[{"href":"https:\/\/www.grundschule-welheim.de\/index.php?rest_route=\/wp\/v2\/pages"}],"about":[{"href":"https:\/\/www.grundschule-welheim.de\/index.php?rest_route=\/wp\/v2\/types\/page"}],"author":[{"embeddable":true,"href":"https:\/\/www.grundschule-welheim.de\/index.php?rest_route=\/wp\/v2\/users\/1"}],"replies":[{"embeddable":true,"href":"https:\/\/www.grundschule-welheim.de\/index.php?rest_route=%2Fwp%2Fv2%2Fcomments&post=2515"}],"version-history":[{"count":4,"href":"https:\/\/www.grundschule-welheim.de\/index.php?rest_route=\/wp\/v2\/pages\/2515\/revisions"}],"predecessor-version":[{"id":3755,"href":"https:\/\/www.grundschule-welheim.de\/index.php?rest_route=\/wp\/v2\/pages\/2515\/revisions\/3755"}],"wp:attachment":[{"href":"https:\/\/www.grundschule-welheim.de\/index.php?rest_route=%2Fwp%2Fv2%2Fmedia&parent=2515"}],"curies":[{"name":"wp","href":"https:\/\/api.w.org\/{rel}","templated":true}]}}