{"id":2454,"date":"2023-03-17T09:19:49","date_gmt":"2023-03-17T09:19:49","guid":{"rendered":"http:\/\/www.grundschule-welheim.de\/?page_id=2454"},"modified":"2023-03-17T10:37:52","modified_gmt":"2023-03-17T10:37:52","slug":"verabschiedung-frau-brauer-rode-16-03-2023","status":"publish","type":"page","link":"https:\/\/www.grundschule-welheim.de\/?page_id=2454","title":{"rendered":"Verabschiedung Frau Brauer-Rode (16.03.2023)"},"content":{"rendered":"\n<p>Am 16.03.2023 haben wir unsere langj\u00e4hrige Sekret\u00e4rin Frau Brauer-Rode in den wohlverdienten Unruhestand entlassen. Wir w\u00fcnschen ihr trotz aller Wehmut unsererseits eine erholsame und tolle Zeit und schwelgen noch immer gerne in den Erinnerungen an den tollen Abschieds-Tag.<\/p>\n\n\n\n<figure class=\"wp-block-gallery columns-2 is-cropped wp-block-gallery-1 is-layout-flex wp-block-gallery-is-layout-flex\"><ul class=\"blocks-gallery-grid\"><li class=\"blocks-gallery-item\"><figure><a href=\"https:\/\/www.grundschule-welheim.de\/wp-content\/uploads\/2023\/03\/Abschied-Michaela-1.jpg\"><img loading=\"lazy\" decoding=\"async\" width=\"1024\" height=\"1024\" src=\"https:\/\/www.grundschule-welheim.de\/wp-content\/uploads\/2023\/03\/Abschied-Michaela-1-1024x1024.jpg\" alt=\"\" data-id=\"2452\" data-full-url=\"https:\/\/www.grundschule-welheim.de\/wp-content\/uploads\/2023\/03\/Abschied-Michaela-1.jpg\" data-link=\"https:\/\/www.grundschule-welheim.de\/?attachment_id=2452\" class=\"wp-image-2452\" srcset=\"https:\/\/www.grundschule-welheim.de\/wp-content\/uploads\/2023\/03\/Abschied-Michaela-1-1024x1024.jpg 1024w, https:\/\/www.grundschule-welheim.de\/wp-content\/uploads\/2023\/03\/Abschied-Michaela-1-300x300.jpg 300w, https:\/\/www.grundschule-welheim.de\/wp-content\/uploads\/2023\/03\/Abschied-Michaela-1-150x150.jpg 150w, https:\/\/www.grundschule-welheim.de\/wp-content\/uploads\/2023\/03\/Abschied-Michaela-1-768x768.jpg 768w, https:\/\/www.grundschule-welheim.de\/wp-content\/uploads\/2023\/03\/Abschied-Michaela-1-186x185.jpg 186w, https:\/\/www.grundschule-welheim.de\/wp-content\/uploads\/2023\/03\/Abschied-Michaela-1-220x220.jpg 220w, https:\/\/www.grundschule-welheim.de\/wp-content\/uploads\/2023\/03\/Abschied-Michaela-1-60x60.jpg 60w, https:\/\/www.grundschule-welheim.de\/wp-content\/uploads\/2023\/03\/Abschied-Michaela-1.jpg 1280w\" sizes=\"auto, (max-width: 1024px) 100vw, 1024px\" \/><\/a><\/figure><\/li><li class=\"blocks-gallery-item\"><figure><a href=\"https:\/\/www.grundschule-welheim.de\/wp-content\/uploads\/2023\/03\/Abschied-Michaela-2.jpg\"><img loading=\"lazy\" decoding=\"async\" width=\"1024\" height=\"1024\" src=\"https:\/\/www.grundschule-welheim.de\/wp-content\/uploads\/2023\/03\/Abschied-Michaela-2-1024x1024.jpg\" alt=\"\" data-id=\"2453\" data-full-url=\"https:\/\/www.grundschule-welheim.de\/wp-content\/uploads\/2023\/03\/Abschied-Michaela-2.jpg\" data-link=\"https:\/\/www.grundschule-welheim.de\/?attachment_id=2453\" class=\"wp-image-2453\" srcset=\"https:\/\/www.grundschule-welheim.de\/wp-content\/uploads\/2023\/03\/Abschied-Michaela-2-1024x1024.jpg 1024w, https:\/\/www.grundschule-welheim.de\/wp-content\/uploads\/2023\/03\/Abschied-Michaela-2-300x300.jpg 300w, https:\/\/www.grundschule-welheim.de\/wp-content\/uploads\/2023\/03\/Abschied-Michaela-2-150x150.jpg 150w, https:\/\/www.grundschule-welheim.de\/wp-content\/uploads\/2023\/03\/Abschied-Michaela-2-768x768.jpg 768w, https:\/\/www.grundschule-welheim.de\/wp-content\/uploads\/2023\/03\/Abschied-Michaela-2-1536x1536.jpg 1536w, https:\/\/www.grundschule-welheim.de\/wp-content\/uploads\/2023\/03\/Abschied-Michaela-2-186x185.jpg 186w, https:\/\/www.grundschule-welheim.de\/wp-content\/uploads\/2023\/03\/Abschied-Michaela-2-220x220.jpg 220w, https:\/\/www.grundschule-welheim.de\/wp-content\/uploads\/2023\/03\/Abschied-Michaela-2-60x60.jpg 60w, https:\/\/www.grundschule-welheim.de\/wp-content\/uploads\/2023\/03\/Abschied-Michaela-2.jpg 2048w\" sizes=\"auto, (max-width: 1024px) 100vw, 1024px\" \/><\/a><\/figure><\/li><\/ul><\/figure>\n","protected":false},"excerpt":{"rendered":"<p>Am 16.03.2023 haben wir unsere langj\u00e4hrige Sekret\u00e4rin Frau Brauer-Rode in den wohlverdienten Unruhestand entlassen. Wir w\u00fcnschen ihr trotz aller Wehmut unsererseits eine erholsame und tolle Zeit und schwelgen noch immer gerne in den Erinnerungen an den tollen Abschieds-Tag.<\/p>\n","protected":false},"author":1,"featured_media":0,"parent":0,"menu_order":0,"comment_status":"closed","ping_status":"closed","template":"","meta":{"footnotes":""},"class_list":["post-2454","page","type-page","status-publish","hentry"],"_links":{"self":[{"href":"https:\/\/www.grundschule-welheim.de\/index.php?rest_route=\/wp\/v2\/pages\/2454","targetHints":{"allow":["GET"]}}],"collection":[{"href":"https:\/\/www.grundschule-welheim.de\/index.php?rest_route=\/wp\/v2\/pages"}],"about":[{"href":"https:\/\/www.grundschule-welheim.de\/index.php?rest_route=\/wp\/v2\/types\/page"}],"author":[{"embeddable":true,"href":"https:\/\/www.grundschule-welheim.de\/index.php?rest_route=\/wp\/v2\/users\/1"}],"replies":[{"embeddable":true,"href":"https:\/\/www.grundschule-welheim.de\/index.php?rest_route=%2Fwp%2Fv2%2Fcomments&post=2454"}],"version-history":[{"count":2,"href":"https:\/\/www.grundschule-welheim.de\/index.php?rest_route=\/wp\/v2\/pages\/2454\/revisions"}],"predecessor-version":[{"id":2457,"href":"https:\/\/www.grundschule-welheim.de\/index.php?rest_route=\/wp\/v2\/pages\/2454\/revisions\/2457"}],"wp:attachment":[{"href":"https:\/\/www.grundschule-welheim.de\/index.php?rest_route=%2Fwp%2Fv2%2Fmedia&parent=2454"}],"curies":[{"name":"wp","href":"https:\/\/api.w.org\/{rel}","templated":true}]}}