{"id":2,"date":"2013-04-09T07:40:17","date_gmt":"2013-04-09T07:40:17","guid":{"rendered":"http:\/\/www.grundschule-welheim.de\/?page_id=2"},"modified":"2025-11-27T13:01:09","modified_gmt":"2025-11-27T13:01:09","slug":"sample-page","status":"publish","type":"page","link":"https:\/\/www.grundschule-welheim.de\/","title":{"rendered":""},"content":{"rendered":"\n<p class=\"has-text-align-center\"><span style=\"background-color: #ffffff;\"><span style=\"color: #f06969;\"><strong><span style=\"font-family: verdana, geneva, sans-serif; font-size: 16pt; background-color: #ffffff;\">He<\/span><\/strong><\/span><span style=\"color: #f06969;\"><strong><span style=\"font-family: verdana, geneva, sans-serif; font-size: 16pt; background-color: #ffffff;\">rzlich willkommen auf unserer Homepage<\/span><\/strong><\/span><\/span><\/p>\n\n\n\n<p>Liebe Eltern, Sch\u00fclerinnen und Sch\u00fcler,<br>liebe Besucherinnen und Besucher!<\/p>\n\n\n\n<p>Auf unserer Homepage finden Sie alle wichtigen Informationen \u00fcber das Schulleben an der Grundschule Welheim \/ Welheimer Mark. Wir informieren Sie hier \u00fcber aktuelle Termine, Neuigkeiten, Veranstaltungen und vieles mehr. Unter <a href=\"https:\/\/www.grundschule-welheim.de\/?page_id=2649\">H\u00f6hepunkte im Jahr<\/a> finden Sie unsere sch\u00f6nsten und aktuellsten Erlebnisse.<\/p>\n\n\n\n<p>Viel Spa\u00df beim St\u00f6bern w\u00fcnscht Ihnen<br>das Kollegium der Grundschule Welheim<\/p>\n\n\n\n<hr class=\"wp-block-separator has-css-opacity\"\/>\n\n\n\n<p class=\"has-vivid-red-color has-text-color has-link-color wp-elements-c9365267f914bd71ea50e5e539e3962b\"><\/p>\n\n\n\n<figure class=\"wp-block-image size-large\"><a href=\"https:\/\/www.grundschule-welheim.de\/wp-content\/uploads\/2024\/11\/IMG-20241126-WA0081.jpg\"><img loading=\"lazy\" decoding=\"async\" width=\"1024\" height=\"1013\" src=\"https:\/\/www.grundschule-welheim.de\/wp-content\/uploads\/2024\/11\/IMG-20241126-WA0081-1024x1013.jpg\" alt=\"\" class=\"wp-image-3220\" srcset=\"https:\/\/www.grundschule-welheim.de\/wp-content\/uploads\/2024\/11\/IMG-20241126-WA0081-1024x1013.jpg 1024w, https:\/\/www.grundschule-welheim.de\/wp-content\/uploads\/2024\/11\/IMG-20241126-WA0081-300x297.jpg 300w, https:\/\/www.grundschule-welheim.de\/wp-content\/uploads\/2024\/11\/IMG-20241126-WA0081-768x760.jpg 768w, https:\/\/www.grundschule-welheim.de\/wp-content\/uploads\/2024\/11\/IMG-20241126-WA0081-1536x1520.jpg 1536w, https:\/\/www.grundschule-welheim.de\/wp-content\/uploads\/2024\/11\/IMG-20241126-WA0081-186x185.jpg 186w, https:\/\/www.grundschule-welheim.de\/wp-content\/uploads\/2024\/11\/IMG-20241126-WA0081-60x60.jpg 60w, https:\/\/www.grundschule-welheim.de\/wp-content\/uploads\/2024\/11\/IMG-20241126-WA0081.jpg 2048w\" sizes=\"auto, (max-width: 1024px) 100vw, 1024px\" \/><\/a><\/figure>\n","protected":false},"excerpt":{"rendered":"<p>Herzlich willkommen auf unserer Homepage Liebe Eltern, Sch\u00fclerinnen und Sch\u00fcler,liebe Besucherinnen und Besucher! Auf unserer Homepage finden Sie alle wichtigen Informationen \u00fcber das Schulleben an der Grundschule Welheim \/ Welheimer Mark. Wir informieren Sie hier \u00fcber aktuelle Termine, Neuigkeiten, Veranstaltungen &hellip; <\/p>\n","protected":false},"author":1,"featured_media":0,"parent":0,"menu_order":0,"comment_status":"closed","ping_status":"closed","template":"","meta":{"footnotes":""},"class_list":["post-2","page","type-page","status-publish","hentry"],"_links":{"self":[{"href":"https:\/\/www.grundschule-welheim.de\/index.php?rest_route=\/wp\/v2\/pages\/2","targetHints":{"allow":["GET"]}}],"collection":[{"href":"https:\/\/www.grundschule-welheim.de\/index.php?rest_route=\/wp\/v2\/pages"}],"about":[{"href":"https:\/\/www.grundschule-welheim.de\/index.php?rest_route=\/wp\/v2\/types\/page"}],"author":[{"embeddable":true,"href":"https:\/\/www.grundschule-welheim.de\/index.php?rest_route=\/wp\/v2\/users\/1"}],"replies":[{"embeddable":true,"href":"https:\/\/www.grundschule-welheim.de\/index.php?rest_route=%2Fwp%2Fv2%2Fcomments&post=2"}],"version-history":[{"count":405,"href":"https:\/\/www.grundschule-welheim.de\/index.php?rest_route=\/wp\/v2\/pages\/2\/revisions"}],"predecessor-version":[{"id":3736,"href":"https:\/\/www.grundschule-welheim.de\/index.php?rest_route=\/wp\/v2\/pages\/2\/revisions\/3736"}],"wp:attachment":[{"href":"https:\/\/www.grundschule-welheim.de\/index.php?rest_route=%2Fwp%2Fv2%2Fmedia&parent=2"}],"curies":[{"name":"wp","href":"https:\/\/api.w.org\/{rel}","templated":true}]}}